{"id":12844,"date":"2017-05-22T09:23:32","date_gmt":"2017-05-22T06:23:32","guid":{"rendered":"https:\/\/www.alkev.k12.tr\/de\/?page_id=12844"},"modified":"2017-05-22T09:25:28","modified_gmt":"2017-05-22T06:25:28","slug":"immersion","status":"publish","type":"page","link":"https:\/\/www.alkev.k12.tr\/de\/immersion\/","title":{"rendered":"Immersion"},"content":{"rendered":"<p>Die Immersion, manchmal auch &#8220;Sprachbad&#8221; genannt, ist ein Sprachlernkonzept, bei dem der Erwerb von Kenntnissen einer Fremdsprache in der Art des Erwerbs einer Muttersprache erfolgt.<\/p>\n<p>Somit wird die deutsche Sprache im t\u00e4glichen Spielen und miteinander umgehen beil\u00e4ufig, ohne Instruktion, und mit der gleichen M\u00fchelosigkeit erworben.<\/p>\n<p>Unsere Zielsprache deutsch ist permanente Unterrichtssprache. Abgebaut wird damit die aus Situationen der Fremdsprachenproduktion bekannten Hemmungen (Furcht vor Fehlern).<\/p>\n","protected":false},"excerpt":{"rendered":"<p>Die Immersion, manchmal auch &#8220;Sprachbad&#8221; genannt, ist ein Sprachlernkonzept, bei dem der Erwerb von Kenntnissen einer Fremdsprache in der Art des Erwerbs einer Muttersprache erfolgt. Somit wird die deutsche Sprache im t\u00e4glichen Spielen und miteinander umgehen beil\u00e4ufig, ohne Instruktion, und mit der gleichen M\u00fchelosigkeit erworben. Unsere Zielsprache deutsch ist permanente Unterrichtssprache. Abgebaut wird damit die [&hellip;]<\/p>\n","protected":false},"author":2,"featured_media":0,"parent":0,"menu_order":0,"comment_status":"closed","ping_status":"closed","template":"template-page-full-width.php","meta":{"_acf_changed":false,"footnotes":"","_links_to":"","_links_to_target":""},"class_list":["post-12844","page","type-page","status-publish","hentry"],"acf":[],"_links":{"self":[{"href":"https:\/\/www.alkev.k12.tr\/de\/wp-json\/wp\/v2\/pages\/12844","targetHints":{"allow":["GET"]}}],"collection":[{"href":"https:\/\/www.alkev.k12.tr\/de\/wp-json\/wp\/v2\/pages"}],"about":[{"href":"https:\/\/www.alkev.k12.tr\/de\/wp-json\/wp\/v2\/types\/page"}],"author":[{"embeddable":true,"href":"https:\/\/www.alkev.k12.tr\/de\/wp-json\/wp\/v2\/users\/2"}],"replies":[{"embeddable":true,"href":"https:\/\/www.alkev.k12.tr\/de\/wp-json\/wp\/v2\/comments?post=12844"}],"version-history":[{"count":0,"href":"https:\/\/www.alkev.k12.tr\/de\/wp-json\/wp\/v2\/pages\/12844\/revisions"}],"wp:attachment":[{"href":"https:\/\/www.alkev.k12.tr\/de\/wp-json\/wp\/v2\/media?parent=12844"}],"curies":[{"name":"wp","href":"https:\/\/api.w.org\/{rel}","templated":true}]}}