{"id":19101,"date":"2018-08-10T14:57:45","date_gmt":"2018-08-10T11:57:45","guid":{"rendered":"https:\/\/www.alkev.k12.tr\/uber-uns\/kurumsal-degerlerimiz\/"},"modified":"2022-06-20T14:23:43","modified_gmt":"2022-06-20T11:23:43","slug":"unsere-grundwerte","status":"publish","type":"page","link":"https:\/\/www.alkev.k12.tr\/de\/uber-uns\/unsere-grundwerte\/","title":{"rendered":"Unsere Grundwerte"},"content":{"rendered":"<h4>Nachhaltigkeit als Leitgedanke<\/h4>\n<p>Wir treffen nachhaltige Entscheidungen und gehen verantwortungsvoll mit unseren Ressourcen um.<\/p>\n<p>Wir verfolgen verantwortungsbewusste, innovative und umweltbewusste\u00a0Richtlinien, die Stabilit\u00e4t und Vertrauen schaffen und Qualit\u00e4t sichern.<\/p>\n<h4>Engagement f\u00fcr Wertsch\u00e4tzung<\/h4>\n<p>Wir stellen den Menschen in das Zentrum unseres Handelns.<\/p>\n<p>Unsere Wertma\u00dfst\u00e4be, unser Wissen, unsere F\u00e4higkeiten und Erfahrungen sind\u00a0die treibende Kraft f\u00fcr die schulische Weiterentwicklung.<\/p>\n<p>Mit der Weiterentwicklung unseres individuellen Potentials, m\u00f6chten wir zu einer besseren Situation in der Welt beitragen.<\/p>\n<h4>Demokratische Schulkultur<\/h4>\n<p>Wir legen Wert auf eine faire und offene Kommunikation und sind neuen Ideen gegen\u00fcber aufgeschlossen.<br \/>\nAuf gegenseitigem Vertrauen basierend, handeln wir gerecht und fair.<\/p>\n<h4>Respekt \u2013 gelebte Wertsch\u00e4tzung<\/h4>\n<p>Wir gehen respektvoll miteinander um.<br \/>\nWir haben keine Vorurteile.<br \/>\nWir h\u00f6ren zu und versuchen zu verstehen.<br \/>\nUnterschiede bereichern unser Leben.<\/p>\n","protected":false},"excerpt":{"rendered":"<p>Nachhaltigkeit als Leitgedanke Wir treffen nachhaltige Entscheidungen und gehen verantwortungsvoll mit unseren Ressourcen um. Wir verfolgen verantwortungsbewusste, innovative und umweltbewusste\u00a0Richtlinien, die Stabilit\u00e4t und Vertrauen schaffen und Qualit\u00e4t sichern. Engagement f\u00fcr Wertsch\u00e4tzung Wir stellen den Menschen in das Zentrum unseres Handelns. Unsere Wertma\u00dfst\u00e4be, unser Wissen, unsere F\u00e4higkeiten und Erfahrungen sind\u00a0die treibende Kraft f\u00fcr die schulische Weiterentwicklung. [&hellip;]<\/p>\n","protected":false},"author":2,"featured_media":59530,"parent":2940,"menu_order":6,"comment_status":"closed","ping_status":"closed","template":"","meta":{"_acf_changed":false,"footnotes":"","_links_to":"","_links_to_target":""},"class_list":["post-19101","page","type-page","status-publish","has-post-thumbnail","hentry"],"acf":[],"_links":{"self":[{"href":"https:\/\/www.alkev.k12.tr\/de\/wp-json\/wp\/v2\/pages\/19101","targetHints":{"allow":["GET"]}}],"collection":[{"href":"https:\/\/www.alkev.k12.tr\/de\/wp-json\/wp\/v2\/pages"}],"about":[{"href":"https:\/\/www.alkev.k12.tr\/de\/wp-json\/wp\/v2\/types\/page"}],"author":[{"embeddable":true,"href":"https:\/\/www.alkev.k12.tr\/de\/wp-json\/wp\/v2\/users\/2"}],"replies":[{"embeddable":true,"href":"https:\/\/www.alkev.k12.tr\/de\/wp-json\/wp\/v2\/comments?post=19101"}],"version-history":[{"count":0,"href":"https:\/\/www.alkev.k12.tr\/de\/wp-json\/wp\/v2\/pages\/19101\/revisions"}],"up":[{"embeddable":true,"href":"https:\/\/www.alkev.k12.tr\/de\/wp-json\/wp\/v2\/pages\/2940"}],"wp:featuredmedia":[{"embeddable":true,"href":"https:\/\/www.alkev.k12.tr\/de\/wp-json\/wp\/v2\/media\/59530"}],"wp:attachment":[{"href":"https:\/\/www.alkev.k12.tr\/de\/wp-json\/wp\/v2\/media?parent=19101"}],"curies":[{"name":"wp","href":"https:\/\/api.w.org\/{rel}","templated":true}]}}