{"id":26267,"date":"2020-03-25T16:26:34","date_gmt":"2020-03-25T13:26:34","guid":{"rendered":"https:\/\/www.alkev.k12.tr\/?page_id=26267"},"modified":"2021-10-14T13:18:46","modified_gmt":"2021-10-14T10:18:46","slug":"lieder","status":"publish","type":"page","link":"https:\/\/www.alkev.k12.tr\/de\/online-daf-unterricht\/lieder\/","title":{"rendered":"Lieder"},"content":{"rendered":"<h3 class=\"daf-subtitle\">Einkaufen<\/h3>\n<div class=\"yt-video-container\">\n<iframe loading=\"lazy\" width=\"500\" height=\"281\" src=\"https:\/\/www.youtube.com\/embed\/LDenu0zN9LA?feature=oembed\" frameborder=\"0\" allow=\"accelerometer; autoplay; encrypted-media; gyroscope; picture-in-picture\" allowfullscreen><\/iframe>\n<\/div>\n<h4>Das Lied vom Einkaufen<\/h4>\n<p><\/p>\n<h3 class=\"daf-subtitle\">Sommer und Tiere<\/h3>\n<div class=\"yt-video-container\">\n<iframe loading=\"lazy\" width=\"500\" height=\"281\" src=\"https:\/\/www.youtube.com\/embed\/if3cdkuIZlM?feature=oembed\" frameborder=\"0\" allow=\"accelerometer; autoplay; encrypted-media; gyroscope; picture-in-picture\" allowfullscreen><\/iframe>\n<\/div>\n<h4>Halli hallo, wir tanzen durch den Sommer<\/h4>\n<p><\/p>\n<div class=\"yt-video-container\">\n<iframe loading=\"lazy\" width=\"500\" height=\"281\" src=\"https:\/\/www.youtube.com\/embed\/At9b8NhNVOc?feature=oembed\" frameborder=\"0\" allow=\"accelerometer; autoplay; encrypted-media; gyroscope; picture-in-picture\" allowfullscreen><\/iframe>\n<\/div>\n<h4>Baustellenlied<\/h4>\n<hr>\n<h3 class=\"daf-subtitle\">STADT<\/h3>\n<div class=\"yt-video-container\"><iframe loading=\"lazy\" width=\"500\" height=\"281\" src=\"https:\/\/www.youtube.com\/embed\/d1hLy1zxHTY?feature=oembed\" frameborder=\"0\" allow=\"accelerometer; autoplay; encrypted-media; gyroscope; picture-in-picture\" allowfullscreen><\/iframe>\n<\/div>\n<p><\/p>\n<div class=\"yt-video-container\"><iframe loading=\"lazy\" width=\"500\" height=\"281\" src=\"https:\/\/www.youtube.com\/embed\/JFX2sQiP2GA?feature=oembed\" frameborder=\"0\" allow=\"accelerometer; autoplay; encrypted-media; gyroscope; picture-in-picture\" allowfullscreen><\/iframe>\n<\/div>\n<p><\/p>\n<div class=\"yt-video-container\"><iframe loading=\"lazy\" width=\"500\" height=\"281\" src=\"https:\/\/www.youtube.com\/embed\/TtqOUxfwgdU?feature=oembed\" frameborder=\"0\" allow=\"accelerometer; autoplay; encrypted-media; gyroscope; picture-in-picture\" allowfullscreen><\/iframe>\n<\/div>\n<p><\/p>\n<div class=\"yt-video-container\"><iframe loading=\"lazy\" width=\"500\" height=\"281\" src=\"https:\/\/www.youtube.com\/embed\/sxnqBOn-Wn0?feature=oembed\" frameborder=\"0\" allow=\"accelerometer; autoplay; encrypted-media; gyroscope; picture-in-picture\" allowfullscreen><\/iframe>\n<\/div>\n<p><\/p>\n<div class=\"yt-video-container\"><iframe loading=\"lazy\" width=\"500\" height=\"281\" src=\"https:\/\/www.youtube.com\/embed\/XVRLwq4hRY4?feature=oembed\" frameborder=\"0\" allow=\"accelerometer; autoplay; encrypted-media; gyroscope; picture-in-picture\" allowfullscreen><\/iframe>\n<\/div>\n<hr \/>\n<h3 class=\"daf-subtitle\">BERUFE<\/h3>\n<div class=\"yt-video-container\">\n<iframe loading=\"lazy\" width=\"500\" height=\"281\" src=\"https:\/\/www.youtube.com\/embed\/E_G2e1vi8c0?feature=oembed\" frameborder=\"0\" allow=\"accelerometer; autoplay; encrypted-media; gyroscope; picture-in-picture\" allowfullscreen><\/iframe>\n<\/div>\n<p><\/p>\n<div class=\"yt-video-container\">\n<iframe loading=\"lazy\" width=\"500\" height=\"281\" src=\"https:\/\/www.youtube.com\/embed\/g9vkNKxvh5s?feature=oembed\" frameborder=\"0\" allow=\"accelerometer; autoplay; encrypted-media; gyroscope; picture-in-picture\" allowfullscreen><\/iframe>\n<\/div>\n<hr>\n<h3 class=\"daf-subtitle\">FARBEN<\/h3>\n<div class=\"yt-video-container\">\n<iframe loading=\"lazy\" title=\"Deutsch lernen: die Farben 2\" width=\"500\" height=\"281\" src=\"https:\/\/www.youtube.com\/embed\/M_yqIAp4z0U?feature=oembed\" frameborder=\"0\" allow=\"accelerometer; autoplay; clipboard-write; encrypted-media; gyroscope; picture-in-picture; web-share\" referrerpolicy=\"strict-origin-when-cross-origin\" allowfullscreen><\/iframe>\n<\/div>\n<p><\/p>\n<div class=\"yt-video-container\">\n<iframe loading=\"lazy\" title=\"Deutsch lernen: FARBEN - ein Spiel (game - jeu de Kim) \/ Learn German: Colours Game\" width=\"500\" height=\"281\" src=\"https:\/\/www.youtube.com\/embed\/3ehbv6aA8Tg?feature=oembed\" frameborder=\"0\" allow=\"accelerometer; autoplay; clipboard-write; encrypted-media; gyroscope; picture-in-picture; web-share\" referrerpolicy=\"strict-origin-when-cross-origin\" allowfullscreen><\/iframe>\n<\/div>\n<p><\/p>\n<div class=\"yt-video-container\">\nhttps:\/\/www.youtube.com\/watch?v=rx6RhAg-P0Y\n<\/div>\n<p><\/p>\n<div class=\"yt-video-container\">\n<iframe loading=\"lazy\" title=\"Gr\u00fcn, gr\u00fcn, gr\u00fcn sind alle meine Kleider - Kinderlieder zum Mitsingen | Liederkiste\" width=\"500\" height=\"281\" src=\"https:\/\/www.youtube.com\/embed\/FWT9FJ7aQq4?feature=oembed\" frameborder=\"0\" allow=\"accelerometer; autoplay; clipboard-write; encrypted-media; gyroscope; picture-in-picture; web-share\" referrerpolicy=\"strict-origin-when-cross-origin\" allowfullscreen><\/iframe>\n<\/div>\n<p><\/p>\n<div class=\"yt-video-container\">\n<iframe loading=\"lazy\" title=\"Jonalu Farbenlied\" width=\"500\" height=\"375\" src=\"https:\/\/www.youtube.com\/embed\/NgsyQJkHeyY?feature=oembed\" frameborder=\"0\" allow=\"accelerometer; autoplay; clipboard-write; encrypted-media; gyroscope; picture-in-picture; web-share\" referrerpolicy=\"strict-origin-when-cross-origin\" allowfullscreen><\/iframe>\n<\/div>\n<p><\/p>\n<div class=\"yt-video-container\">\n<div style=\"width: 960px;\" class=\"wp-video\"><video class=\"wp-video-shortcode\" id=\"video-26267-1\" width=\"960\" height=\"540\" preload=\"metadata\" controls=\"controls\"><source type=\"video\/mp4\" src=\"https:\/\/www.alkev.k12.tr\/img\/2020\/04\/lachgeschichte-ballade-von-herrn-gelb-und-frau-blau.mp4?_=1\" \/><a href=\"https:\/\/www.alkev.k12.tr\/img\/2020\/04\/lachgeschichte-ballade-von-herrn-gelb-und-frau-blau.mp4\">https:\/\/www.alkev.k12.tr\/img\/2020\/04\/lachgeschichte-ballade-von-herrn-gelb-und-frau-blau.mp4<\/a><\/video><\/div>\n<\/div>\n<hr>\n<h3 class=\"daf-subtitle\">K\u00d6RPERTEILE<\/h3>\n<div class=\"yt-video-container\">\n<iframe loading=\"lazy\" title=\"Kopf Schulter Knie und Fu\u00df   Kinderreime\" width=\"500\" height=\"281\" src=\"https:\/\/www.youtube.com\/embed\/Lm2vhjiYkqE?feature=oembed\" frameborder=\"0\" allow=\"accelerometer; autoplay; clipboard-write; encrypted-media; gyroscope; picture-in-picture; web-share\" referrerpolicy=\"strict-origin-when-cross-origin\" allowfullscreen><\/iframe>\n<\/div>\n<p><\/p>\n<div class=\"yt-video-container\">\n<iframe loading=\"lazy\" title=\"K\u00f6rperteil Blues (Offizielles Tanzvideo) - Lichterkinder | Kinderlieder | Bewegungslieder\" width=\"500\" height=\"281\" src=\"https:\/\/www.youtube.com\/embed\/iXFAunwnIxE?feature=oembed\" frameborder=\"0\" allow=\"accelerometer; autoplay; clipboard-write; encrypted-media; gyroscope; picture-in-picture; web-share\" referrerpolicy=\"strict-origin-when-cross-origin\" allowfullscreen><\/iframe>\n<\/div>\n<p><\/p>\n<div class=\"yt-video-container\">\n<iframe loading=\"lazy\" title=\"KRANK | Kinderlieder | Kindergarten Songs | Mini Disco\" width=\"500\" height=\"281\" src=\"https:\/\/www.youtube.com\/embed\/KgMkRJErYk0?feature=oembed\" frameborder=\"0\" allow=\"accelerometer; autoplay; clipboard-write; encrypted-media; gyroscope; picture-in-picture; web-share\" referrerpolicy=\"strict-origin-when-cross-origin\" allowfullscreen><\/iframe>\n<\/div>\n<hr>\n<h3 class=\"daf-subtitle\">OSTERN<\/h3>\n<div class=\"yt-video-container\">\n<iframe loading=\"lazy\" title=\"Kinderlieder Oster-Mix ||  - Singen, Tanzen und Bewegen || Kinderlieder\" width=\"500\" height=\"281\" src=\"https:\/\/www.youtube.com\/embed\/toy8WOmKjik?feature=oembed\" frameborder=\"0\" allow=\"accelerometer; autoplay; clipboard-write; encrypted-media; gyroscope; picture-in-picture; web-share\" referrerpolicy=\"strict-origin-when-cross-origin\" allowfullscreen><\/iframe>\n<\/div>\n<p><\/p>\n<div class=\"yt-video-container\">\n<iframe loading=\"lazy\" title=\"Osterlieder Fr\u00fchlings Mix  || Kinderlieder\" width=\"500\" height=\"281\" src=\"https:\/\/www.youtube.com\/embed\/5XbHf4gB5sI?feature=oembed\" frameborder=\"0\" allow=\"accelerometer; autoplay; clipboard-write; encrypted-media; gyroscope; picture-in-picture; web-share\" referrerpolicy=\"strict-origin-when-cross-origin\" allowfullscreen><\/iframe>\n<\/div>\n<table class=\"online-ders\">\n<tbody>\n<tr>\n<td style=\"width: 12.5%;\">\n<h4>Filme<\/h4>\n<p><a href=\"\/de\/online-daf-unterricht\/filme\/\"><img decoding=\"async\" src=\"\/img\/2020\/03\/filme.jpg\" border=\"0\" \/><\/a><\/td>\n<td style=\"width: 12.5%;\">\n<h4>Spiele, Rezepte und mehr<\/h4>\n<p><a href=\"\/de\/online-daf-unterricht\/spiele-rezepte-und-mehr\/\"><img decoding=\"async\" src=\"\/img\/2020\/03\/spiele-v2.jpg\" border=\"0\" \/><\/a><\/td>\n<td style=\"width: 12.5%;\">\n<h4>Lieder<\/h4>\n<p><a href=\"\/de\/online-daf-unterricht\/lieder\/\"><img decoding=\"async\" src=\"\/img\/2020\/03\/lieder.jpg\" border=\"0\" \/><\/a><\/td>\n<td style=\"width: 12.5%;\">\n<h4>Basteln<\/h4>\n<p><a href=\"\/de\/online-daf-unterricht\/basteln\/\"><img decoding=\"async\" src=\"\/img\/2020\/03\/basteln-v2.jpg\" border=\"0\" \/><\/a><\/td>\n<td style=\"width: 12.5%;\">\n<h4>Pettersson und Findus<\/h4>\n<p><a href=\"\/de\/online-daf-unterricht\/pettersson-und-findus\/\"><img decoding=\"async\" src=\"\/img\/2020\/04\/pettersson-und-findus.jpg\" border=\"0\" \/><\/a><\/td>\n<td style=\"width: 12.5%;\">\n<h4>die Fixies<\/h4>\n<p><a href=\"\/de\/online-daf-unterricht\/die-fixies\/\"><img decoding=\"async\" src=\"\/img\/2020\/04\/die-fixies.jpg\" border=\"0\" \/><\/a><\/td>\n<td style=\"width: 12.5%;\">\n<h4>Peppa Wutz<\/h4>\n<p><a href=\"\/de\/online-daf-unterricht\/peppa-wutz\/\"><img decoding=\"async\" src=\"\/img\/2020\/05\/peppa-wutz.jpg\" border=\"0\" \/><\/a><\/td>\n<td style=\"width: 12.5%;\">\n<h4>Die Sesamstrasse<\/h4>\n<p><a href=\"\/de\/online-daf-unterricht\/die-sesamstrasse\/\"><img decoding=\"async\" src=\"\/img\/2020\/06\/sesam-strasse.jpg\" border=\"0\" \/><\/a><\/td>\n<\/tr>\n<\/tbody>\n<\/table>\n","protected":false},"excerpt":{"rendered":"<p>Einkaufen Das Lied vom Einkaufen Sommer und Tiere Halli hallo, wir tanzen durch den Sommer Baustellenlied STADT BERUFE FARBEN https:\/\/www.youtube.com\/watch?v=rx6RhAg-P0Y K\u00d6RPERTEILE OSTERN Filme Spiele, Rezepte und mehr Lieder Basteln Pettersson und Findus die Fixies Peppa Wutz Die Sesamstrasse<\/p>\n","protected":false},"author":2,"featured_media":0,"parent":26251,"menu_order":0,"comment_status":"closed","ping_status":"closed","template":"template-page-full-width.php","meta":{"_acf_changed":false,"footnotes":"","_links_to":"","_links_to_target":""},"class_list":["post-26267","page","type-page","status-publish","hentry"],"acf":[],"_links":{"self":[{"href":"https:\/\/www.alkev.k12.tr\/de\/wp-json\/wp\/v2\/pages\/26267","targetHints":{"allow":["GET"]}}],"collection":[{"href":"https:\/\/www.alkev.k12.tr\/de\/wp-json\/wp\/v2\/pages"}],"about":[{"href":"https:\/\/www.alkev.k12.tr\/de\/wp-json\/wp\/v2\/types\/page"}],"author":[{"embeddable":true,"href":"https:\/\/www.alkev.k12.tr\/de\/wp-json\/wp\/v2\/users\/2"}],"replies":[{"embeddable":true,"href":"https:\/\/www.alkev.k12.tr\/de\/wp-json\/wp\/v2\/comments?post=26267"}],"version-history":[{"count":0,"href":"https:\/\/www.alkev.k12.tr\/de\/wp-json\/wp\/v2\/pages\/26267\/revisions"}],"up":[{"embeddable":true,"href":"https:\/\/www.alkev.k12.tr\/de\/wp-json\/wp\/v2\/pages\/26251"}],"wp:attachment":[{"href":"https:\/\/www.alkev.k12.tr\/de\/wp-json\/wp\/v2\/media?parent=26267"}],"curies":[{"name":"wp","href":"https:\/\/api.w.org\/{rel}","templated":true}]}}