{"id":2925,"date":"2014-06-02T01:08:15","date_gmt":"2014-06-01T22:08:15","guid":{"rendered":"https:\/\/www.alkev.k12.tr\/?page_id=2925"},"modified":"2024-03-04T11:35:15","modified_gmt":"2024-03-04T08:35:15","slug":"mission","status":"publish","type":"page","link":"https:\/\/www.alkev.k12.tr\/de\/uber-uns\/mission\/","title":{"rendered":"Mission"},"content":{"rendered":"<h4><span style=\"color: #000080;\">Die Mission der ALKEV Privatschulen<\/span><\/h4>\n<p>Durch unseren mit internationalen Erfahrungen gepr\u00e4gten, sinnvollen, interessanten und reichen Lehrplan sollen unsere Sch\u00fcler folgende Ziele erreichen:<br \/>\n&#8211; Verst\u00e4ndnis f\u00fcr Globalit\u00e4t<br \/>\n&#8211; sensibles, kritisches und umfangreiches Denken<br \/>\n&#8211; lebenslanges Lernen<br \/>\n&#8211; menschliche Werte und Selbstdisziplin<br \/>\n&#8211; akademischen Erfolg<br \/>\n&#8211; Anwendung der Muttersprache und der Zielsprachen Deutsch und Englisch nach den 4 Fertigkeiten<br \/>\n&#8211; F\u00e4higkeit durch richtige Berufsberatung den geeigneten Lehrbereich zu w\u00e4hlen<br \/>\n&#8211; Lernen als Lebensphilosophie zu betrachten<br \/>\n&#8211; bereit sein f\u00fcr die h\u00f6here Schulstufe<\/p>\n","protected":false},"excerpt":{"rendered":"<p>Die Mission der ALKEV Privatschulen Durch unseren mit internationalen Erfahrungen gepr\u00e4gten, sinnvollen, interessanten und reichen Lehrplan sollen unsere Sch\u00fcler folgende Ziele erreichen: &#8211; Verst\u00e4ndnis f\u00fcr Globalit\u00e4t &#8211; sensibles, kritisches und umfangreiches Denken &#8211; lebenslanges Lernen &#8211; menschliche Werte und Selbstdisziplin &#8211; akademischen Erfolg &#8211; Anwendung der Muttersprache und der Zielsprachen Deutsch und Englisch nach den [&hellip;]<\/p>\n","protected":false},"author":2,"featured_media":0,"parent":2940,"menu_order":80,"comment_status":"closed","ping_status":"closed","template":"","meta":{"_acf_changed":false,"footnotes":"","_links_to":"","_links_to_target":""},"class_list":["post-2925","page","type-page","status-publish","hentry"],"acf":[],"_links":{"self":[{"href":"https:\/\/www.alkev.k12.tr\/de\/wp-json\/wp\/v2\/pages\/2925","targetHints":{"allow":["GET"]}}],"collection":[{"href":"https:\/\/www.alkev.k12.tr\/de\/wp-json\/wp\/v2\/pages"}],"about":[{"href":"https:\/\/www.alkev.k12.tr\/de\/wp-json\/wp\/v2\/types\/page"}],"author":[{"embeddable":true,"href":"https:\/\/www.alkev.k12.tr\/de\/wp-json\/wp\/v2\/users\/2"}],"replies":[{"embeddable":true,"href":"https:\/\/www.alkev.k12.tr\/de\/wp-json\/wp\/v2\/comments?post=2925"}],"version-history":[{"count":0,"href":"https:\/\/www.alkev.k12.tr\/de\/wp-json\/wp\/v2\/pages\/2925\/revisions"}],"up":[{"embeddable":true,"href":"https:\/\/www.alkev.k12.tr\/de\/wp-json\/wp\/v2\/pages\/2940"}],"wp:attachment":[{"href":"https:\/\/www.alkev.k12.tr\/de\/wp-json\/wp\/v2\/media?parent=2925"}],"curies":[{"name":"wp","href":"https:\/\/api.w.org\/{rel}","templated":true}]}}