{"id":2927,"date":"2014-06-02T01:10:38","date_gmt":"2014-06-01T22:10:38","guid":{"rendered":"https:\/\/www.alkev.k12.tr\/?page_id=2927"},"modified":"2024-03-04T12:47:30","modified_gmt":"2024-03-04T09:47:30","slug":"alkev-stiftung","status":"publish","type":"page","link":"https:\/\/www.alkev.k12.tr\/de\/alkev-stiftung\/","title":{"rendered":"ALKEV Stiftung"},"content":{"rendered":"<p>Im Bewusstsein der an der Deutschen Schule genossenen Ausbildung, gr\u00fcndeten 72 ehemalige Absolventen der Deutschen Schule 1996 die ALKEV Stiftung.<\/p>\n<p>Die Ausbildung an der Deutschen Schule hat die Absolventen gepr\u00e4gt und sie erfolgreich gemacht. F\u00fcr ALKEV ist es von gro\u00dfer Bedeutung, die Kultur der Deutschen Schule an die neue Generation weiterzugeben, um ihnen zu globalen Werten und Erfolgen zu verhelfen.<\/p>\n<p>Zu diesem Zweck wurden in B\u00fcy\u00fck\u00e7ekmece auf einem 30 Hektar grossen Grundst\u00fcck die Geb\u00e4ude der ALKEV Privatschule, bestehend aus Kindergarten, Grundschule, Mittelschule und Gymnasium, sowie offenen und geschlossenen Sportpl\u00e4tzen errichtet. Alle Bauten wurden nach erstellten Bodenuntersuchungen und nach deutschen Normen gebaut.<\/p>\n<p>Die aus 72 Gr\u00fcndungsmitgliedern bestehende Stiftung hat heute insgesamt 103 Mitglieder.<\/p>\n<div class=\"inline-video-caption\"><iframe loading=\"lazy\" src=\"\/\/player.vimeo.com\/video\/92403843?title=0&amp;byline=0&amp;portrait=0&amp;color=a21629\" width=\"600\" height=\"460\" frameborder=\"0\" allowfullscreen=\"allowfullscreen\"><\/iframe><\/div>\n","protected":false},"excerpt":{"rendered":"<p>Im Bewusstsein der an der Deutschen Schule genossenen Ausbildung, gr\u00fcndeten 72 ehemalige Absolventen der Deutschen Schule 1996 die ALKEV Stiftung. Die Ausbildung an der Deutschen Schule hat die Absolventen gepr\u00e4gt und sie erfolgreich gemacht. F\u00fcr ALKEV ist es von gro\u00dfer Bedeutung, die Kultur der Deutschen Schule an die neue Generation weiterzugeben, um ihnen zu globalen [&hellip;]<\/p>\n","protected":false},"author":2,"featured_media":0,"parent":0,"menu_order":70,"comment_status":"closed","ping_status":"closed","template":"","meta":{"_acf_changed":false,"footnotes":"","_links_to":"","_links_to_target":""},"class_list":["post-2927","page","type-page","status-publish","hentry"],"acf":[],"_links":{"self":[{"href":"https:\/\/www.alkev.k12.tr\/de\/wp-json\/wp\/v2\/pages\/2927","targetHints":{"allow":["GET"]}}],"collection":[{"href":"https:\/\/www.alkev.k12.tr\/de\/wp-json\/wp\/v2\/pages"}],"about":[{"href":"https:\/\/www.alkev.k12.tr\/de\/wp-json\/wp\/v2\/types\/page"}],"author":[{"embeddable":true,"href":"https:\/\/www.alkev.k12.tr\/de\/wp-json\/wp\/v2\/users\/2"}],"replies":[{"embeddable":true,"href":"https:\/\/www.alkev.k12.tr\/de\/wp-json\/wp\/v2\/comments?post=2927"}],"version-history":[{"count":0,"href":"https:\/\/www.alkev.k12.tr\/de\/wp-json\/wp\/v2\/pages\/2927\/revisions"}],"wp:attachment":[{"href":"https:\/\/www.alkev.k12.tr\/de\/wp-json\/wp\/v2\/media?parent=2927"}],"curies":[{"name":"wp","href":"https:\/\/api.w.org\/{rel}","templated":true}]}}