{"id":2928,"date":"2014-06-02T01:12:21","date_gmt":"2014-06-01T22:12:21","guid":{"rendered":"https:\/\/www.alkev.k12.tr\/?page_id=2928"},"modified":"2025-09-23T10:18:17","modified_gmt":"2025-09-23T07:18:17","slug":"campus","status":"publish","type":"page","link":"https:\/\/www.alkev.k12.tr\/de\/schulleben\/campus\/","title":{"rendered":"Campus"},"content":{"rendered":"<p>In B\u00fcy\u00fck\u00e7ekmece wurden auf einem 30 Hektar gro\u00dfen Grundst\u00fcck die Geb\u00e4uden der ALKEV Privatschulen, bestehend aus Kindergarten, Grundschule, Mittelschule und Gymnasium, sowie offene und geschlossene Sportpl\u00e4tze, erbaut. Alle Bauten wurden nach erstellten Bodenuntersuchungen und nach deutschen Normen gebaut.<\/p>\n<p>Mit 1.250 m<sup>2<\/sup> offenen und geschlossenen Sportpl\u00e4tzen und 12.000 m<sup>2<\/sup> geschlossener Fl\u00e4che und 18.000 m<sup>2<\/sup> Gr\u00fcnfl\u00e4che bieten wir unseren Sch\u00fcler*innen einen friedlichen und sicheren Campus, weit weg vom Verkehr, mitten in der Natur und ausgestattet mit neuester Technologie.<\/p>\n\n\t\t<style type=\"text\/css\">\n\t\t\t#gallery-1 {\n\t\t\t\tmargin: auto;\n\t\t\t}\n\t\t\t#gallery-1 .gallery-item {\n\t\t\t\tfloat: left;\n\t\t\t\tmargin-top: 10px;\n\t\t\t\ttext-align: center;\n\t\t\t\twidth: 33%;\n\t\t\t}\n\t\t\t#gallery-1 img {\n\t\t\t\tborder: 2px solid #cfcfcf;\n\t\t\t}\n\t\t\t#gallery-1 .gallery-caption {\n\t\t\t\tmargin-left: 0;\n\t\t\t}\n\t\t\t\/* see gallery_shortcode() in wp-includes\/media.php *\/\n\t\t<\/style>\n\t\t<div id='gallery-1' class='gallery galleryid-2928 gallery-columns-3 gallery-size-thumbnail'><dl class='gallery-item'>\n\t\t\t<dt class='gallery-icon landscape'>\n\t\t\t\t<a rel=\"prettyPhoto[pp_gal]\" href='https:\/\/www.alkev.k12.tr\/img\/2021\/03\/253-1.jpg'><img loading=\"lazy\" decoding=\"async\" width=\"300\" height=\"200\" src=\"https:\/\/www.alkev.k12.tr\/img\/2021\/03\/253-1-300x200.jpg\" class=\"attachment-thumbnail size-thumbnail\" alt=\"\" aria-describedby=\"gallery-1-29477\" srcset=\"https:\/\/www.alkev.k12.tr\/img\/2021\/03\/253-1-300x200.jpg 300w, https:\/\/www.alkev.k12.tr\/img\/2021\/03\/253-1-338x225.jpg 338w, https:\/\/www.alkev.k12.tr\/img\/2021\/03\/253-1-768x512.jpg 768w, https:\/\/www.alkev.k12.tr\/img\/2021\/03\/253-1.jpg 800w\" sizes=\"auto, (max-width: 300px) 100vw, 300px\" \/><\/a>\n\t\t\t<\/dt>\n\t\t\t\t<dd class='wp-caption-text gallery-caption' id='gallery-1-29477'>\n\t\t\t\tKindergarten\n\t\t\t\t<\/dd><\/dl><dl class='gallery-item'>\n\t\t\t<dt class='gallery-icon landscape'>\n\t\t\t\t<a rel=\"prettyPhoto[pp_gal]\" href='https:\/\/www.alkev.k12.tr\/img\/2023\/09\/Anaokulu-4-kopyasi.jpg'><img loading=\"lazy\" decoding=\"async\" width=\"300\" height=\"200\" src=\"https:\/\/www.alkev.k12.tr\/img\/2023\/09\/Anaokulu-4-kopyasi-300x200.jpg\" class=\"attachment-thumbnail size-thumbnail\" alt=\"\" aria-describedby=\"gallery-1-48170\" srcset=\"https:\/\/www.alkev.k12.tr\/img\/2023\/09\/Anaokulu-4-kopyasi-300x200.jpg 300w, https:\/\/www.alkev.k12.tr\/img\/2023\/09\/Anaokulu-4-kopyasi-338x225.jpg 338w, https:\/\/www.alkev.k12.tr\/img\/2023\/09\/Anaokulu-4-kopyasi-768x512.jpg 768w, https:\/\/www.alkev.k12.tr\/img\/2023\/09\/Anaokulu-4-kopyasi.jpg 800w\" sizes=\"auto, (max-width: 300px) 100vw, 300px\" \/><\/a>\n\t\t\t<\/dt>\n\t\t\t\t<dd class='wp-caption-text gallery-caption' id='gallery-1-48170'>\n\t\t\t\tKindergarten\n\t\t\t\t<\/dd><\/dl><dl class='gallery-item'>\n\t\t\t<dt class='gallery-icon landscape'>\n\t\t\t\t<a rel=\"prettyPhoto[pp_gal]\" href='https:\/\/www.alkev.k12.tr\/img\/2020\/11\/IMG_6942-kopyasi-1.jpg'><img loading=\"lazy\" decoding=\"async\" width=\"300\" height=\"200\" src=\"https:\/\/www.alkev.k12.tr\/img\/2020\/11\/IMG_6942-kopyasi-1-300x200.jpg\" class=\"attachment-thumbnail size-thumbnail\" alt=\"\" aria-describedby=\"gallery-1-28521\" \/><\/a>\n\t\t\t<\/dt>\n\t\t\t\t<dd class='wp-caption-text gallery-caption' id='gallery-1-28521'>\n\t\t\t\tKindergarten\n\t\t\t\t<\/dd><\/dl><br style=\"clear: both\" \/><dl class='gallery-item'>\n\t\t\t<dt class='gallery-icon landscape'>\n\t\t\t\t<a rel=\"prettyPhoto[pp_gal]\" href='https:\/\/www.alkev.k12.tr\/img\/2024\/10\/Bina10-kopyasi-1-1.jpg'><img loading=\"lazy\" decoding=\"async\" width=\"300\" height=\"200\" src=\"https:\/\/www.alkev.k12.tr\/img\/2024\/10\/Bina10-kopyasi-1-1-300x200.jpg\" class=\"attachment-thumbnail size-thumbnail\" alt=\"\" aria-describedby=\"gallery-1-60015\" \/><\/a>\n\t\t\t<\/dt>\n\t\t\t\t<dd class='wp-caption-text gallery-caption' id='gallery-1-60015'>\n\t\t\t\tGrund- und Mittelschule\n\t\t\t\t<\/dd><\/dl><dl class='gallery-item'>\n\t\t\t<dt class='gallery-icon landscape'>\n\t\t\t\t<a rel=\"prettyPhoto[pp_gal]\" href='https:\/\/www.alkev.k12.tr\/img\/2025\/09\/23523.png'><img loading=\"lazy\" decoding=\"async\" width=\"300\" height=\"200\" src=\"https:\/\/www.alkev.k12.tr\/img\/2025\/09\/23523-300x200.png\" class=\"attachment-thumbnail size-thumbnail\" alt=\"\" aria-describedby=\"gallery-1-72874\" srcset=\"https:\/\/www.alkev.k12.tr\/img\/2025\/09\/23523-300x200.png 300w, https:\/\/www.alkev.k12.tr\/img\/2025\/09\/23523-338x225.png 338w, https:\/\/www.alkev.k12.tr\/img\/2025\/09\/23523-768x512.png 768w, https:\/\/www.alkev.k12.tr\/img\/2025\/09\/23523.png 800w\" sizes=\"auto, (max-width: 300px) 100vw, 300px\" \/><\/a>\n\t\t\t<\/dt>\n\t\t\t\t<dd class='wp-caption-text gallery-caption' id='gallery-1-72874'>\n\t\t\t\tSpielplatz\n\t\t\t\t<\/dd><\/dl><dl class='gallery-item'>\n\t\t\t<dt class='gallery-icon landscape'>\n\t\t\t\t<a rel=\"prettyPhoto[pp_gal]\" href='https:\/\/www.alkev.k12.tr\/img\/2025\/09\/IMG_4703.jpg'><img loading=\"lazy\" decoding=\"async\" width=\"300\" height=\"200\" src=\"https:\/\/www.alkev.k12.tr\/img\/2025\/09\/IMG_4703-300x200.jpg\" class=\"attachment-thumbnail size-thumbnail\" alt=\"\" aria-describedby=\"gallery-1-72883\" srcset=\"https:\/\/www.alkev.k12.tr\/img\/2025\/09\/IMG_4703-300x200.jpg 300w, https:\/\/www.alkev.k12.tr\/img\/2025\/09\/IMG_4703-338x225.jpg 338w, https:\/\/www.alkev.k12.tr\/img\/2025\/09\/IMG_4703-768x512.jpg 768w, https:\/\/www.alkev.k12.tr\/img\/2025\/09\/IMG_4703.jpg 800w\" sizes=\"auto, (max-width: 300px) 100vw, 300px\" \/><\/a>\n\t\t\t<\/dt>\n\t\t\t\t<dd class='wp-caption-text gallery-caption' id='gallery-1-72883'>\n\t\t\t\tGrund- und Mittelschule\n\t\t\t\t<\/dd><\/dl><br style=\"clear: both\" \/><dl class='gallery-item'>\n\t\t\t<dt class='gallery-icon landscape'>\n\t\t\t\t<a rel=\"prettyPhoto[pp_gal]\" href='https:\/\/www.alkev.k12.tr\/img\/2024\/10\/Lise-Bloklar_-6.jpg'><img loading=\"lazy\" decoding=\"async\" width=\"300\" height=\"200\" src=\"https:\/\/www.alkev.k12.tr\/img\/2024\/10\/Lise-Bloklar_-6-300x200.jpg\" class=\"attachment-thumbnail size-thumbnail\" alt=\"\" aria-describedby=\"gallery-1-59963\" srcset=\"https:\/\/www.alkev.k12.tr\/img\/2024\/10\/Lise-Bloklar_-6-300x200.jpg 300w, https:\/\/www.alkev.k12.tr\/img\/2024\/10\/Lise-Bloklar_-6-338x225.jpg 338w, https:\/\/www.alkev.k12.tr\/img\/2024\/10\/Lise-Bloklar_-6-768x512.jpg 768w, https:\/\/www.alkev.k12.tr\/img\/2024\/10\/Lise-Bloklar_-6.jpg 800w\" sizes=\"auto, (max-width: 300px) 100vw, 300px\" \/><\/a>\n\t\t\t<\/dt>\n\t\t\t\t<dd class='wp-caption-text gallery-caption' id='gallery-1-59963'>\n\t\t\t\tGymnasium Block A und B\n\t\t\t\t<\/dd><\/dl><dl class='gallery-item'>\n\t\t\t<dt class='gallery-icon landscape'>\n\t\t\t\t<a rel=\"prettyPhoto[pp_gal]\" href='https:\/\/www.alkev.k12.tr\/img\/2024\/10\/Lise-Bloklar_-3.jpg'><img loading=\"lazy\" decoding=\"async\" width=\"300\" height=\"200\" src=\"https:\/\/www.alkev.k12.tr\/img\/2024\/10\/Lise-Bloklar_-3-300x200.jpg\" class=\"attachment-thumbnail size-thumbnail\" alt=\"\" aria-describedby=\"gallery-1-59966\" srcset=\"https:\/\/www.alkev.k12.tr\/img\/2024\/10\/Lise-Bloklar_-3-300x200.jpg 300w, https:\/\/www.alkev.k12.tr\/img\/2024\/10\/Lise-Bloklar_-3-338x225.jpg 338w, https:\/\/www.alkev.k12.tr\/img\/2024\/10\/Lise-Bloklar_-3-768x512.jpg 768w, https:\/\/www.alkev.k12.tr\/img\/2024\/10\/Lise-Bloklar_-3.jpg 800w\" sizes=\"auto, (max-width: 300px) 100vw, 300px\" \/><\/a>\n\t\t\t<\/dt>\n\t\t\t\t<dd class='wp-caption-text gallery-caption' id='gallery-1-59966'>\n\t\t\t\tGymnasium Block C\n\t\t\t\t<\/dd><\/dl><dl class='gallery-item'>\n\t\t\t<dt class='gallery-icon landscape'>\n\t\t\t\t<a rel=\"prettyPhoto[pp_gal]\" href='https:\/\/www.alkev.k12.tr\/img\/2024\/10\/Lise-Yesil-Alan_-2-kopyasi.jpg'><img loading=\"lazy\" decoding=\"async\" width=\"300\" height=\"200\" src=\"https:\/\/www.alkev.k12.tr\/img\/2024\/10\/Lise-Yesil-Alan_-2-kopyasi-300x200.jpg\" class=\"attachment-thumbnail size-thumbnail\" alt=\"\" aria-describedby=\"gallery-1-60089\" srcset=\"https:\/\/www.alkev.k12.tr\/img\/2024\/10\/Lise-Yesil-Alan_-2-kopyasi-300x200.jpg 300w, https:\/\/www.alkev.k12.tr\/img\/2024\/10\/Lise-Yesil-Alan_-2-kopyasi-338x225.jpg 338w, https:\/\/www.alkev.k12.tr\/img\/2024\/10\/Lise-Yesil-Alan_-2-kopyasi-768x512.jpg 768w, https:\/\/www.alkev.k12.tr\/img\/2024\/10\/Lise-Yesil-Alan_-2-kopyasi.jpg 800w\" sizes=\"auto, (max-width: 300px) 100vw, 300px\" \/><\/a>\n\t\t\t<\/dt>\n\t\t\t\t<dd class='wp-caption-text gallery-caption' id='gallery-1-60089'>\n\t\t\t\tGymnasium\n\t\t\t\t<\/dd><\/dl><br style=\"clear: both\" \/><dl class='gallery-item'>\n\t\t\t<dt class='gallery-icon landscape'>\n\t\t\t\t<a rel=\"prettyPhoto[pp_gal]\" href='https:\/\/www.alkev.k12.tr\/img\/2025\/09\/IMG_4753.jpg'><img loading=\"lazy\" decoding=\"async\" width=\"300\" height=\"200\" src=\"https:\/\/www.alkev.k12.tr\/img\/2025\/09\/IMG_4753-300x200.jpg\" class=\"attachment-thumbnail size-thumbnail\" alt=\"\" aria-describedby=\"gallery-1-72889\" srcset=\"https:\/\/www.alkev.k12.tr\/img\/2025\/09\/IMG_4753-300x200.jpg 300w, https:\/\/www.alkev.k12.tr\/img\/2025\/09\/IMG_4753-338x225.jpg 338w, https:\/\/www.alkev.k12.tr\/img\/2025\/09\/IMG_4753-768x512.jpg 768w, https:\/\/www.alkev.k12.tr\/img\/2025\/09\/IMG_4753.jpg 800w\" sizes=\"auto, (max-width: 300px) 100vw, 300px\" \/><\/a>\n\t\t\t<\/dt>\n\t\t\t\t<dd class='wp-caption-text gallery-caption' id='gallery-1-72889'>\n\t\t\t\tEventbereich\n\t\t\t\t<\/dd><\/dl><dl class='gallery-item'>\n\t\t\t<dt class='gallery-icon landscape'>\n\t\t\t\t<a rel=\"prettyPhoto[pp_gal]\" href='https:\/\/www.alkev.k12.tr\/img\/2025\/09\/IMG_6543.jpg'><img loading=\"lazy\" decoding=\"async\" width=\"300\" height=\"200\" src=\"https:\/\/www.alkev.k12.tr\/img\/2025\/09\/IMG_6543-300x200.jpg\" class=\"attachment-thumbnail size-thumbnail\" alt=\"\" aria-describedby=\"gallery-1-73025\" srcset=\"https:\/\/www.alkev.k12.tr\/img\/2025\/09\/IMG_6543-300x200.jpg 300w, https:\/\/www.alkev.k12.tr\/img\/2025\/09\/IMG_6543-338x225.jpg 338w, https:\/\/www.alkev.k12.tr\/img\/2025\/09\/IMG_6543-768x512.jpg 768w, https:\/\/www.alkev.k12.tr\/img\/2025\/09\/IMG_6543.jpg 800w\" sizes=\"auto, (max-width: 300px) 100vw, 300px\" \/><\/a>\n\t\t\t<\/dt>\n\t\t\t\t<dd class='wp-caption-text gallery-caption' id='gallery-1-73025'>\n\t\t\t\tVerwaltung\n\t\t\t\t<\/dd><\/dl>\n\t\t\t<br style='clear: both' \/>\n\t\t<\/div>\n\n","protected":false},"excerpt":{"rendered":"<p>In B\u00fcy\u00fck\u00e7ekmece wurden auf einem 30 Hektar gro\u00dfen Grundst\u00fcck die Geb\u00e4uden der ALKEV Privatschulen, bestehend aus Kindergarten, Grundschule, Mittelschule und Gymnasium, sowie offene und geschlossene Sportpl\u00e4tze, erbaut. Alle Bauten wurden nach erstellten Bodenuntersuchungen und nach deutschen Normen gebaut. Mit 1.250 m2 offenen und geschlossenen Sportpl\u00e4tzen und 12.000 m2 geschlossener Fl\u00e4che und 18.000 m2 Gr\u00fcnfl\u00e4che bieten [&hellip;]<\/p>\n","protected":false},"author":2,"featured_media":59491,"parent":2941,"menu_order":48,"comment_status":"closed","ping_status":"closed","template":"","meta":{"_acf_changed":false,"footnotes":"","_links_to":"","_links_to_target":""},"class_list":["post-2928","page","type-page","status-publish","has-post-thumbnail","hentry"],"acf":[],"_links":{"self":[{"href":"https:\/\/www.alkev.k12.tr\/de\/wp-json\/wp\/v2\/pages\/2928","targetHints":{"allow":["GET"]}}],"collection":[{"href":"https:\/\/www.alkev.k12.tr\/de\/wp-json\/wp\/v2\/pages"}],"about":[{"href":"https:\/\/www.alkev.k12.tr\/de\/wp-json\/wp\/v2\/types\/page"}],"author":[{"embeddable":true,"href":"https:\/\/www.alkev.k12.tr\/de\/wp-json\/wp\/v2\/users\/2"}],"replies":[{"embeddable":true,"href":"https:\/\/www.alkev.k12.tr\/de\/wp-json\/wp\/v2\/comments?post=2928"}],"version-history":[{"count":0,"href":"https:\/\/www.alkev.k12.tr\/de\/wp-json\/wp\/v2\/pages\/2928\/revisions"}],"up":[{"embeddable":true,"href":"https:\/\/www.alkev.k12.tr\/de\/wp-json\/wp\/v2\/pages\/2941"}],"wp:featuredmedia":[{"embeddable":true,"href":"https:\/\/www.alkev.k12.tr\/de\/wp-json\/wp\/v2\/media\/59491"}],"wp:attachment":[{"href":"https:\/\/www.alkev.k12.tr\/de\/wp-json\/wp\/v2\/media?parent=2928"}],"curies":[{"name":"wp","href":"https:\/\/api.w.org\/{rel}","templated":true}]}}