{"id":2931,"date":"2014-06-02T01:15:51","date_gmt":"2014-06-01T22:15:51","guid":{"rendered":"https:\/\/www.alkev.k12.tr\/?page_id=2931"},"modified":"2025-09-17T13:40:24","modified_gmt":"2025-09-17T10:40:24","slug":"sportplatze","status":"publish","type":"page","link":"https:\/\/www.alkev.k12.tr\/de\/schulleben\/sportplatze\/","title":{"rendered":"Sportpl\u00e4tze"},"content":{"rendered":"<h4>Unsere Sportpl\u00e4tze<\/h4>\n<p><img loading=\"lazy\" decoding=\"async\" class=\" wp-image-60005 alignright\" src=\"https:\/\/www.alkev.k12.tr\/img\/2024\/10\/Eski-Spor-Salonlari_-7.jpg\" alt=\"\" width=\"269\" height=\"179\" srcset=\"https:\/\/www.alkev.k12.tr\/img\/2024\/10\/Eski-Spor-Salonlari_-7.jpg 800w, https:\/\/www.alkev.k12.tr\/img\/2024\/10\/Eski-Spor-Salonlari_-7-338x225.jpg 338w, https:\/\/www.alkev.k12.tr\/img\/2024\/10\/Eski-Spor-Salonlari_-7-300x200.jpg 300w, https:\/\/www.alkev.k12.tr\/img\/2024\/10\/Eski-Spor-Salonlari_-7-768x512.jpg 768w\" sizes=\"auto, (max-width: 269px) 100vw, 269px\" \/>Wir verf\u00fcgen \u00fcber insgesamt 1250 m<sup>2<\/sup> Sportfl\u00e4chen, bestehend aus:<br \/>\n&#8211; 1 Sporthalle mit 500 Sitzpl\u00e4tzen auf den Trib\u00fcnen<br \/>\n&#8211; 1 Sporthalle mit einer Trib\u00fcne<br \/>\n&#8211; 2 Sportpl\u00e4tze im Freien<br \/>\n&#8211; 1 Fu\u00dfballplatz<br \/>\n&#8211; 2 Basketballpl\u00e4tze<br \/>\n&#8211; 2 Volleyballpl\u00e4tze<br \/>\n&#8211; 1 Sportraum im Kindergarten<br \/>\n&#8211; 1 Tanz- und Theaterraum<\/p>\n<p>In der Sporthalle werden auch die meisten unserer Zeremonien durchgef\u00fchrt. Unsere Sporthalle verf\u00fcgt \u00fcber Duschen, Umkleider\u00e4ume und einem Materialienraum.<\/p>\n<p>Von den geschlossenen Hallen gibt es eine Verbindung zu den Sportpl\u00e4tzen im Freien, wo u.a. Volleyball, Basketball und Fu\u00dfball gespielt werden kann.<\/p>\n\n\t\t<style type=\"text\/css\">\n\t\t\t#gallery-1 {\n\t\t\t\tmargin: auto;\n\t\t\t}\n\t\t\t#gallery-1 .gallery-item {\n\t\t\t\tfloat: left;\n\t\t\t\tmargin-top: 10px;\n\t\t\t\ttext-align: center;\n\t\t\t\twidth: 33%;\n\t\t\t}\n\t\t\t#gallery-1 img {\n\t\t\t\tborder: 2px solid #cfcfcf;\n\t\t\t}\n\t\t\t#gallery-1 .gallery-caption {\n\t\t\t\tmargin-left: 0;\n\t\t\t}\n\t\t\t\/* see gallery_shortcode() in wp-includes\/media.php *\/\n\t\t<\/style>\n\t\t<div id='gallery-1' class='gallery galleryid-2931 gallery-columns-3 gallery-size-thumbnail'><dl class='gallery-item'>\n\t\t\t<dt class='gallery-icon landscape'>\n\t\t\t\t<a rel=\"prettyPhoto[pp_gal]\" href='https:\/\/www.alkev.k12.tr\/img\/2024\/10\/Eski-Spor-Salonlari_-3.jpg'><img loading=\"lazy\" decoding=\"async\" width=\"300\" height=\"200\" src=\"https:\/\/www.alkev.k12.tr\/img\/2024\/10\/Eski-Spor-Salonlari_-3-300x200.jpg\" class=\"attachment-thumbnail size-thumbnail\" alt=\"\" aria-describedby=\"gallery-1-59999\" srcset=\"https:\/\/www.alkev.k12.tr\/img\/2024\/10\/Eski-Spor-Salonlari_-3-300x200.jpg 300w, https:\/\/www.alkev.k12.tr\/img\/2024\/10\/Eski-Spor-Salonlari_-3-338x225.jpg 338w, https:\/\/www.alkev.k12.tr\/img\/2024\/10\/Eski-Spor-Salonlari_-3-768x512.jpg 768w, https:\/\/www.alkev.k12.tr\/img\/2024\/10\/Eski-Spor-Salonlari_-3.jpg 800w\" sizes=\"auto, (max-width: 300px) 100vw, 300px\" \/><\/a>\n\t\t\t<\/dt>\n\t\t\t\t<dd class='wp-caption-text gallery-caption' id='gallery-1-59999'>\n\t\t\t\tSporthalle\n\t\t\t\t<\/dd><\/dl><dl class='gallery-item'>\n\t\t\t<dt class='gallery-icon landscape'>\n\t\t\t\t<a rel=\"prettyPhoto[pp_gal]\" href='https:\/\/www.alkev.k12.tr\/img\/2024\/10\/Eski-Spor-Salonlari_-5f.jpg'><img loading=\"lazy\" decoding=\"async\" width=\"300\" height=\"200\" src=\"https:\/\/www.alkev.k12.tr\/img\/2024\/10\/Eski-Spor-Salonlari_-5f-300x200.jpg\" class=\"attachment-thumbnail size-thumbnail\" alt=\"\" aria-describedby=\"gallery-1-60032\" srcset=\"https:\/\/www.alkev.k12.tr\/img\/2024\/10\/Eski-Spor-Salonlari_-5f-300x200.jpg 300w, https:\/\/www.alkev.k12.tr\/img\/2024\/10\/Eski-Spor-Salonlari_-5f-338x225.jpg 338w, https:\/\/www.alkev.k12.tr\/img\/2024\/10\/Eski-Spor-Salonlari_-5f-768x512.jpg 768w, https:\/\/www.alkev.k12.tr\/img\/2024\/10\/Eski-Spor-Salonlari_-5f.jpg 800w\" sizes=\"auto, (max-width: 300px) 100vw, 300px\" \/><\/a>\n\t\t\t<\/dt>\n\t\t\t\t<dd class='wp-caption-text gallery-caption' id='gallery-1-60032'>\n\t\t\t\tSporthalle\n\t\t\t\t<\/dd><\/dl><dl class='gallery-item'>\n\t\t\t<dt class='gallery-icon landscape'>\n\t\t\t\t<a rel=\"prettyPhoto[pp_gal]\" href='https:\/\/www.alkev.k12.tr\/img\/2024\/10\/yeni-spor-salonu_2.jpg'><img loading=\"lazy\" decoding=\"async\" width=\"300\" height=\"200\" src=\"https:\/\/www.alkev.k12.tr\/img\/2024\/10\/yeni-spor-salonu_2-300x200.jpg\" class=\"attachment-thumbnail size-thumbnail\" alt=\"\" aria-describedby=\"gallery-1-60002\" \/><\/a>\n\t\t\t<\/dt>\n\t\t\t\t<dd class='wp-caption-text gallery-caption' id='gallery-1-60002'>\n\t\t\t\tSporthalle\n\t\t\t\t<\/dd><\/dl><br style=\"clear: both\" \/><dl class='gallery-item'>\n\t\t\t<dt class='gallery-icon landscape'>\n\t\t\t\t<a rel=\"prettyPhoto[pp_gal]\" href='https:\/\/www.alkev.k12.tr\/img\/2024\/03\/IMG_6610-kopyasi.png'><img loading=\"lazy\" decoding=\"async\" width=\"300\" height=\"200\" src=\"https:\/\/www.alkev.k12.tr\/img\/2024\/03\/IMG_6610-kopyasi-300x200.png\" class=\"attachment-thumbnail size-thumbnail\" alt=\"\" aria-describedby=\"gallery-1-53152\" srcset=\"https:\/\/www.alkev.k12.tr\/img\/2024\/03\/IMG_6610-kopyasi-300x200.png 300w, https:\/\/www.alkev.k12.tr\/img\/2024\/03\/IMG_6610-kopyasi-338x225.png 338w, https:\/\/www.alkev.k12.tr\/img\/2024\/03\/IMG_6610-kopyasi-768x512.png 768w, https:\/\/www.alkev.k12.tr\/img\/2024\/03\/IMG_6610-kopyasi.png 800w\" sizes=\"auto, (max-width: 300px) 100vw, 300px\" \/><\/a>\n\t\t\t<\/dt>\n\t\t\t\t<dd class='wp-caption-text gallery-caption' id='gallery-1-53152'>\n\t\t\t\tSporthalle\n\t\t\t\t<\/dd><\/dl><dl class='gallery-item'>\n\t\t\t<dt class='gallery-icon landscape'>\n\t\t\t\t<a rel=\"prettyPhoto[pp_gal]\" href='https:\/\/www.alkev.k12.tr\/img\/2024\/12\/hali-saha-5.jpg'><img loading=\"lazy\" decoding=\"async\" width=\"300\" height=\"200\" src=\"https:\/\/www.alkev.k12.tr\/img\/2024\/12\/hali-saha-5-300x200.jpg\" class=\"attachment-thumbnail size-thumbnail\" alt=\"\" aria-describedby=\"gallery-1-62236\" srcset=\"https:\/\/www.alkev.k12.tr\/img\/2024\/12\/hali-saha-5-300x200.jpg 300w, https:\/\/www.alkev.k12.tr\/img\/2024\/12\/hali-saha-5-338x225.jpg 338w, https:\/\/www.alkev.k12.tr\/img\/2024\/12\/hali-saha-5-768x512.jpg 768w, https:\/\/www.alkev.k12.tr\/img\/2024\/12\/hali-saha-5.jpg 800w\" sizes=\"auto, (max-width: 300px) 100vw, 300px\" \/><\/a>\n\t\t\t<\/dt>\n\t\t\t\t<dd class='wp-caption-text gallery-caption' id='gallery-1-62236'>\n\t\t\t\tFu\u00dfballplatz\n\t\t\t\t<\/dd><\/dl><dl class='gallery-item'>\n\t\t\t<dt class='gallery-icon landscape'>\n\t\t\t\t<a rel=\"prettyPhoto[pp_gal]\" href='https:\/\/www.alkev.k12.tr\/img\/2024\/12\/Jimnastik_-3.jpg'><img loading=\"lazy\" decoding=\"async\" width=\"300\" height=\"200\" src=\"https:\/\/www.alkev.k12.tr\/img\/2024\/12\/Jimnastik_-3-300x200.jpg\" class=\"attachment-thumbnail size-thumbnail\" alt=\"\" aria-describedby=\"gallery-1-62242\" srcset=\"https:\/\/www.alkev.k12.tr\/img\/2024\/12\/Jimnastik_-3-300x200.jpg 300w, https:\/\/www.alkev.k12.tr\/img\/2024\/12\/Jimnastik_-3-338x225.jpg 338w, https:\/\/www.alkev.k12.tr\/img\/2024\/12\/Jimnastik_-3-768x512.jpg 768w, https:\/\/www.alkev.k12.tr\/img\/2024\/12\/Jimnastik_-3.jpg 800w\" sizes=\"auto, (max-width: 300px) 100vw, 300px\" \/><\/a>\n\t\t\t<\/dt>\n\t\t\t\t<dd class='wp-caption-text gallery-caption' id='gallery-1-62242'>\n\t\t\t\tGymnastik- und Tanzraum\n\t\t\t\t<\/dd><\/dl><br style=\"clear: both\" \/><dl class='gallery-item'>\n\t\t\t<dt class='gallery-icon landscape'>\n\t\t\t\t<a rel=\"prettyPhoto[pp_gal]\" href='https:\/\/www.alkev.k12.tr\/img\/2023\/09\/13-kopyasi.jpg'><img loading=\"lazy\" decoding=\"async\" width=\"300\" height=\"200\" src=\"https:\/\/www.alkev.k12.tr\/img\/2023\/09\/13-kopyasi-300x200.jpg\" class=\"attachment-thumbnail size-thumbnail\" alt=\"\" aria-describedby=\"gallery-1-48199\" srcset=\"https:\/\/www.alkev.k12.tr\/img\/2023\/09\/13-kopyasi-300x200.jpg 300w, https:\/\/www.alkev.k12.tr\/img\/2023\/09\/13-kopyasi-338x225.jpg 338w, https:\/\/www.alkev.k12.tr\/img\/2023\/09\/13-kopyasi-768x512.jpg 768w, https:\/\/www.alkev.k12.tr\/img\/2023\/09\/13-kopyasi.jpg 800w\" sizes=\"auto, (max-width: 300px) 100vw, 300px\" \/><\/a>\n\t\t\t<\/dt>\n\t\t\t\t<dd class='wp-caption-text gallery-caption' id='gallery-1-48199'>\n\t\t\t\tSportraum\n\t\t\t\t<\/dd><\/dl><dl class='gallery-item'>\n\t\t\t<dt class='gallery-icon landscape'>\n\t\t\t\t<a rel=\"prettyPhoto[pp_gal]\" href='https:\/\/www.alkev.k12.tr\/img\/2025\/09\/Lise-Yes\u0327il-Alan_-1.png'><img loading=\"lazy\" decoding=\"async\" width=\"300\" height=\"200\" src=\"https:\/\/www.alkev.k12.tr\/img\/2025\/09\/Lise-Yes\u0327il-Alan_-1-300x200.png\" class=\"attachment-thumbnail size-thumbnail\" alt=\"\" aria-describedby=\"gallery-1-72895\" srcset=\"https:\/\/www.alkev.k12.tr\/img\/2025\/09\/Lise-Yes\u0327il-Alan_-1-300x200.png 300w, https:\/\/www.alkev.k12.tr\/img\/2025\/09\/Lise-Yes\u0327il-Alan_-1-338x225.png 338w, https:\/\/www.alkev.k12.tr\/img\/2025\/09\/Lise-Yes\u0327il-Alan_-1-768x512.png 768w, https:\/\/www.alkev.k12.tr\/img\/2025\/09\/Lise-Yes\u0327il-Alan_-1.png 800w\" sizes=\"auto, (max-width: 300px) 100vw, 300px\" \/><\/a>\n\t\t\t<\/dt>\n\t\t\t\t<dd class='wp-caption-text gallery-caption' id='gallery-1-72895'>\n\t\t\t\tBasketballplatz\n\t\t\t\t<\/dd><\/dl><dl class='gallery-item'>\n\t\t\t<dt class='gallery-icon landscape'>\n\t\t\t\t<a rel=\"prettyPhoto[pp_gal]\" href='https:\/\/www.alkev.k12.tr\/img\/2025\/09\/Lise-Yes\u0327il-Alan_-1.jpg'><img loading=\"lazy\" decoding=\"async\" width=\"300\" height=\"200\" src=\"https:\/\/www.alkev.k12.tr\/img\/2025\/09\/Lise-Yes\u0327il-Alan_-1-300x200.jpg\" class=\"attachment-thumbnail size-thumbnail\" alt=\"\" aria-describedby=\"gallery-1-72892\" srcset=\"https:\/\/www.alkev.k12.tr\/img\/2025\/09\/Lise-Yes\u0327il-Alan_-1-300x200.jpg 300w, https:\/\/www.alkev.k12.tr\/img\/2025\/09\/Lise-Yes\u0327il-Alan_-1-338x225.jpg 338w, https:\/\/www.alkev.k12.tr\/img\/2025\/09\/Lise-Yes\u0327il-Alan_-1-768x512.jpg 768w, https:\/\/www.alkev.k12.tr\/img\/2025\/09\/Lise-Yes\u0327il-Alan_-1.jpg 800w\" sizes=\"auto, (max-width: 300px) 100vw, 300px\" \/><\/a>\n\t\t\t<\/dt>\n\t\t\t\t<dd class='wp-caption-text gallery-caption' id='gallery-1-72892'>\n\t\t\t\tSportplatz im Freien\n\t\t\t\t<\/dd><\/dl><br style=\"clear: both\" \/><dl class='gallery-item'>\n\t\t\t<dt class='gallery-icon landscape'>\n\t\t\t\t<a rel=\"prettyPhoto[pp_gal]\" href='https:\/\/www.alkev.k12.tr\/img\/2025\/09\/IMG_4707.jpg'><img loading=\"lazy\" decoding=\"async\" width=\"300\" height=\"200\" src=\"https:\/\/www.alkev.k12.tr\/img\/2025\/09\/IMG_4707-300x200.jpg\" class=\"attachment-thumbnail size-thumbnail\" alt=\"\" aria-describedby=\"gallery-1-72886\" srcset=\"https:\/\/www.alkev.k12.tr\/img\/2025\/09\/IMG_4707-300x200.jpg 300w, https:\/\/www.alkev.k12.tr\/img\/2025\/09\/IMG_4707-338x225.jpg 338w, https:\/\/www.alkev.k12.tr\/img\/2025\/09\/IMG_4707-768x512.jpg 768w, https:\/\/www.alkev.k12.tr\/img\/2025\/09\/IMG_4707.jpg 800w\" sizes=\"auto, (max-width: 300px) 100vw, 300px\" \/><\/a>\n\t\t\t<\/dt>\n\t\t\t\t<dd class='wp-caption-text gallery-caption' id='gallery-1-72886'>\n\t\t\t\tSportplatz im Freien\n\t\t\t\t<\/dd><\/dl><dl class='gallery-item'>\n\t\t\t<dt class='gallery-icon landscape'>\n\t\t\t\t<a rel=\"prettyPhoto[pp_gal]\" href='https:\/\/www.alkev.k12.tr\/img\/2025\/09\/23523.png'><img loading=\"lazy\" decoding=\"async\" width=\"300\" height=\"200\" src=\"https:\/\/www.alkev.k12.tr\/img\/2025\/09\/23523-300x200.png\" class=\"attachment-thumbnail size-thumbnail\" alt=\"\" aria-describedby=\"gallery-1-72874\" srcset=\"https:\/\/www.alkev.k12.tr\/img\/2025\/09\/23523-300x200.png 300w, https:\/\/www.alkev.k12.tr\/img\/2025\/09\/23523-338x225.png 338w, https:\/\/www.alkev.k12.tr\/img\/2025\/09\/23523-768x512.png 768w, https:\/\/www.alkev.k12.tr\/img\/2025\/09\/23523.png 800w\" sizes=\"auto, (max-width: 300px) 100vw, 300px\" \/><\/a>\n\t\t\t<\/dt>\n\t\t\t\t<dd class='wp-caption-text gallery-caption' id='gallery-1-72874'>\n\t\t\t\tSpielplatz\n\t\t\t\t<\/dd><\/dl>\n\t\t\t<br style='clear: both' \/>\n\t\t<\/div>\n\n<p>&nbsp;<\/p>\n<p>&nbsp;<\/p>\n","protected":false},"excerpt":{"rendered":"<p>Unsere Sportpl\u00e4tze Wir verf\u00fcgen \u00fcber insgesamt 1250 m2 Sportfl\u00e4chen, bestehend aus: &#8211; 1 Sporthalle mit 500 Sitzpl\u00e4tzen auf den Trib\u00fcnen &#8211; 1 Sporthalle mit einer Trib\u00fcne &#8211; 2 Sportpl\u00e4tze im Freien &#8211; 1 Fu\u00dfballplatz &#8211; 2 Basketballpl\u00e4tze &#8211; 2 Volleyballpl\u00e4tze &#8211; 1 Sportraum im Kindergarten &#8211; 1 Tanz- und Theaterraum In der Sporthalle werden auch [&hellip;]<\/p>\n","protected":false},"author":2,"featured_media":48196,"parent":2941,"menu_order":44,"comment_status":"closed","ping_status":"closed","template":"","meta":{"_acf_changed":false,"footnotes":"","_links_to":"","_links_to_target":""},"class_list":["post-2931","page","type-page","status-publish","has-post-thumbnail","hentry"],"acf":[],"_links":{"self":[{"href":"https:\/\/www.alkev.k12.tr\/de\/wp-json\/wp\/v2\/pages\/2931","targetHints":{"allow":["GET"]}}],"collection":[{"href":"https:\/\/www.alkev.k12.tr\/de\/wp-json\/wp\/v2\/pages"}],"about":[{"href":"https:\/\/www.alkev.k12.tr\/de\/wp-json\/wp\/v2\/types\/page"}],"author":[{"embeddable":true,"href":"https:\/\/www.alkev.k12.tr\/de\/wp-json\/wp\/v2\/users\/2"}],"replies":[{"embeddable":true,"href":"https:\/\/www.alkev.k12.tr\/de\/wp-json\/wp\/v2\/comments?post=2931"}],"version-history":[{"count":0,"href":"https:\/\/www.alkev.k12.tr\/de\/wp-json\/wp\/v2\/pages\/2931\/revisions"}],"up":[{"embeddable":true,"href":"https:\/\/www.alkev.k12.tr\/de\/wp-json\/wp\/v2\/pages\/2941"}],"wp:featuredmedia":[{"embeddable":true,"href":"https:\/\/www.alkev.k12.tr\/de\/wp-json\/wp\/v2\/media\/48196"}],"wp:attachment":[{"href":"https:\/\/www.alkev.k12.tr\/de\/wp-json\/wp\/v2\/media?parent=2931"}],"curies":[{"name":"wp","href":"https:\/\/api.w.org\/{rel}","templated":true}]}}