{"id":2935,"date":"2014-06-02T01:20:08","date_gmt":"2014-06-01T22:20:08","guid":{"rendered":"https:\/\/www.alkev.k12.tr\/?page_id=2935"},"modified":"2019-12-20T13:15:33","modified_gmt":"2019-12-20T10:15:33","slug":"elternrat","status":"publish","type":"page","link":"https:\/\/www.alkev.k12.tr\/de\/schulleben\/elternrat\/","title":{"rendered":"Elternbeirat"},"content":{"rendered":"<p>Als Elternbeirat der ALKEV Schulen m\u00f6chten wir Br\u00fccke zwischen Schule und Eltern sein und die Kommunikation und Zusammenarbeit beider f\u00f6rdern.<\/p>\n","protected":false},"excerpt":{"rendered":"<p>Als Elternbeirat der ALKEV Schulen m\u00f6chten wir Br\u00fccke zwischen Schule und Eltern sein und die Kommunikation und Zusammenarbeit beider f\u00f6rdern.<\/p>\n","protected":false},"author":2,"featured_media":59748,"parent":2941,"menu_order":40,"comment_status":"closed","ping_status":"closed","template":"","meta":{"_acf_changed":false,"footnotes":"","_links_to":"","_links_to_target":""},"class_list":["post-2935","page","type-page","status-publish","has-post-thumbnail","hentry"],"acf":[],"_links":{"self":[{"href":"https:\/\/www.alkev.k12.tr\/de\/wp-json\/wp\/v2\/pages\/2935","targetHints":{"allow":["GET"]}}],"collection":[{"href":"https:\/\/www.alkev.k12.tr\/de\/wp-json\/wp\/v2\/pages"}],"about":[{"href":"https:\/\/www.alkev.k12.tr\/de\/wp-json\/wp\/v2\/types\/page"}],"author":[{"embeddable":true,"href":"https:\/\/www.alkev.k12.tr\/de\/wp-json\/wp\/v2\/users\/2"}],"replies":[{"embeddable":true,"href":"https:\/\/www.alkev.k12.tr\/de\/wp-json\/wp\/v2\/comments?post=2935"}],"version-history":[{"count":0,"href":"https:\/\/www.alkev.k12.tr\/de\/wp-json\/wp\/v2\/pages\/2935\/revisions"}],"up":[{"embeddable":true,"href":"https:\/\/www.alkev.k12.tr\/de\/wp-json\/wp\/v2\/pages\/2941"}],"wp:featuredmedia":[{"embeddable":true,"href":"https:\/\/www.alkev.k12.tr\/de\/wp-json\/wp\/v2\/media\/59748"}],"wp:attachment":[{"href":"https:\/\/www.alkev.k12.tr\/de\/wp-json\/wp\/v2\/media?parent=2935"}],"curies":[{"name":"wp","href":"https:\/\/api.w.org\/{rel}","templated":true}]}}