{"id":2937,"date":"2014-06-02T01:22:10","date_gmt":"2014-06-01T22:22:10","guid":{"rendered":"https:\/\/www.alkev.k12.tr\/?page_id=2937"},"modified":"2024-12-09T11:09:41","modified_gmt":"2024-12-09T08:09:41","slug":"grundschule","status":"publish","type":"page","link":"https:\/\/www.alkev.k12.tr\/de\/grundschule\/","title":{"rendered":"Grundschule"},"content":{"rendered":"<p><img loading=\"lazy\" decoding=\"async\" class=\"alignleft wp-image-59481\" src=\"https:\/\/www.alkev.k12.tr\/img\/2024\/10\/Bina10.jpg\" alt=\"\" width=\"324\" height=\"213\" srcset=\"https:\/\/www.alkev.k12.tr\/img\/2024\/10\/Bina10.jpg 2117w, https:\/\/www.alkev.k12.tr\/img\/2024\/10\/Bina10-342x225.jpg 342w, https:\/\/www.alkev.k12.tr\/img\/2024\/10\/Bina10-768x505.jpg 768w, https:\/\/www.alkev.k12.tr\/img\/2024\/10\/Bina10-1536x1011.jpg 1536w, https:\/\/www.alkev.k12.tr\/img\/2024\/10\/Bina10-2048x1348.jpg 2048w\" sizes=\"auto, (max-width: 324px) 100vw, 324px\" \/><\/p>\n<p>Mit dem Beginn der 1. Klasse beginnt f\u00fcr die Kinder der akademische Unterricht. Dabei ist es von gr\u00f6\u00dfter Bedeutung, dass sie eine positive Einstellung gegen\u00fcber dem Lernen und der Schule entwickeln. Unser Ziel ist es, aktives Lernen zu f\u00f6rdern und reines Auswendiglernen zu vermeiden.<\/p>\n<p>Unser Unterricht spricht alle Sinne an, um einen nachhaltigen und bedeutsamen Lernprozess zu gew\u00e4hrleisten. Ganzheitliche Lehrmethoden und differenzierte Lernangebote unterst\u00fctzen dabei die individuelle F\u00f6rderung der Sch\u00fcler*innen. So k\u00f6nnen sie sich entsprechend ihrer unterschiedlichen Voraussetzungen, F\u00e4higkeiten und Interessen aktiv am Unterricht beteiligen und eigene Lernstrategien entwickeln.<\/p>\n<p>Drei Grundprinzipien bilden die Basis der Unterrichtsplanung an der ALKEV-Schule:<\/p>\n<ol>\n<li><strong>UbD (Understanding by Design)<\/strong><br \/>\nUbD ist ein Planungsrahmen, der auf dem Konzept des r\u00fcckw\u00e4rtigen Lerndesigns basiert. Kernideen und -fragen stehen im Mittelpunkt der Planung von Lehr- und Lernprozessen, wobei Verstehen und Transferleistung priorisiert werden. Diese Methode f\u00f6rdert erwiesenerma\u00dfen bessere Leistungen und nachhaltiges, aktives Lernen.<\/li>\n<li><strong>UDL (Universal Design for Learning)<\/strong><br \/>\nUDL zielt darauf ab, Vielfalt und Diversit\u00e4t der Lernenden durch abwechslungsreiche Ans\u00e4tze besser zu ber\u00fccksichtigen. Unterschiedliche Zug\u00e4nge zum Lernstoff, Methoden der Aneignung sowie Formen der Leistungs\u00fcberpr\u00fcfung werden von Anfang an integriert. Dieses Konzept erm\u00f6glicht Differenzierung statt Standardisierung und beseitigt Lernbarrieren durch flexible Lehrmethoden. Wahlm\u00f6glichkeiten f\u00fcr die Sch\u00fcler*innen maximieren das Lernniveau und f\u00f6rdern individuelle Entwicklung.<\/li>\n<li><strong>PASS-Theorie<\/strong><br \/>\nDie PASS-Theorie besch\u00e4ftigt sich mit Denkprozessen und unterscheidet zwischen Planung, Aufmerksamkeit sowie simultanen und sukzessiven Prozessen. Diese kognitiven Prozesse werden durch gezielte Methoden und Medien in der Unterrichtsplanung unterst\u00fctzt, beispielsweise zur F\u00f6rderung der Lesekompetenz.<\/li>\n<\/ol>\n<p><img loading=\"lazy\" decoding=\"async\" class=\" wp-image-62140 alignleft\" src=\"https:\/\/www.alkev.k12.tr\/img\/2024\/12\/Almanca-1C-4.jpg\" alt=\"\" width=\"209\" height=\"139\" srcset=\"https:\/\/www.alkev.k12.tr\/img\/2024\/12\/Almanca-1C-4.jpg 1024w, https:\/\/www.alkev.k12.tr\/img\/2024\/12\/Almanca-1C-4-337x225.jpg 337w, https:\/\/www.alkev.k12.tr\/img\/2024\/12\/Almanca-1C-4-300x200.jpg 300w, https:\/\/www.alkev.k12.tr\/img\/2024\/12\/Almanca-1C-4-768x512.jpg 768w\" sizes=\"auto, (max-width: 209px) 100vw, 209px\" \/><\/p>\n<p><strong>Fremdsprachenunterricht<\/strong><br \/>\nDer Deutschunterricht beginnt bereits in der 1. Klasse und wird von einer muttersprachlichen Lehrkraft mit modernen Lehr- und Lernmethoden durchgef\u00fchrt. Durch Lieder, Spiele, Stationenlernen und Projekte wird der Unterricht aufgelockert und effektiv unterst\u00fctzt. In der 2. Klasse kommen kurze Geschichten und Dialoge hinzu. Zudem werden Kunst und Musik in den Klassen 1 und 2 auf Deutsch unterst\u00fctzt.<\/p>\n<p>Deutsch ist an der ALKEV-Schule nicht nur ein Unterrichtsfach, sondern ein zentraler Bestandteil der Schulkultur. Die deutsche Kultur ist fest in den Jahresablauf integriert. Am Ende der 4. Klasse legen die Sch\u00fcler*innen die A1-Zertifikatspr\u00fcfung f\u00fcr Jugendliche ab.<\/p>\n<p><img loading=\"lazy\" decoding=\"async\" class=\" wp-image-62143 alignright\" src=\"https:\/\/www.alkev.k12.tr\/img\/2024\/12\/Minticity-4B-3.jpg\" alt=\"\" width=\"240\" height=\"160\" srcset=\"https:\/\/www.alkev.k12.tr\/img\/2024\/12\/Minticity-4B-3.jpg 1024w, https:\/\/www.alkev.k12.tr\/img\/2024\/12\/Minticity-4B-3-337x225.jpg 337w, https:\/\/www.alkev.k12.tr\/img\/2024\/12\/Minticity-4B-3-300x200.jpg 300w, https:\/\/www.alkev.k12.tr\/img\/2024\/12\/Minticity-4B-3-768x512.jpg 768w\" sizes=\"auto, (max-width: 240px) 100vw, 240px\" \/>Der Englischunterricht beginnt in der 3. Klasse mit vier Wochenstunden und wird auch in der 4. Klasse mit vier Unterrichtsstunden weitergef\u00fchrt.<\/p>\n<p><strong>Soziale Aktivit\u00e4ten<\/strong><br \/>\nAu\u00dfer dem akademischen Unterricht legen wir besonderen Wert auf AG\u2019s, die mit kreativen Aktivit\u00e4ten sowohl die Sprachentwicklung als auch soziale Kompetenzen der Sch\u00fcler*innen f\u00f6rdern.<\/p>\n<div class=\"wp-video\" style=\"width: 620px;\"><video id=\"stellt-euch-eine-schule-vor\" class=\"wp-video-shortcode\" poster=\"\/img\/2022\/bir-okul-hayal-edin-v2.jpg\" controls=\"controls\" width=\"620\" height=\"349\"><source type=\"video\/mp4\" src=\"\/img\/2022\/wir-sind-stolz-ein-teil-der-alkev-zu-sein-v2.mp4\" \/><a href=\"\/img\/2022\/wir-sind-stolz-ein-teil-der-alkev-zu-sein-v2.mp4\">wir-sind-stolz-ein-teil-der-alkev-zu-sein-v2.mp4<\/a><\/video><\/div>\n","protected":false},"excerpt":{"rendered":"<p>Mit dem Beginn der 1. Klasse beginnt f\u00fcr die Kinder der akademische Unterricht. Dabei ist es von gr\u00f6\u00dfter Bedeutung, dass sie eine positive Einstellung gegen\u00fcber dem Lernen und der Schule entwickeln. Unser Ziel ist es, aktives Lernen zu f\u00f6rdern und reines Auswendiglernen zu vermeiden. Unser Unterricht spricht alle Sinne an, um einen nachhaltigen und bedeutsamen [&hellip;]<\/p>\n","protected":false},"author":2,"featured_media":59482,"parent":0,"menu_order":39,"comment_status":"closed","ping_status":"closed","template":"","meta":{"_acf_changed":false,"footnotes":"","_links_to":"","_links_to_target":""},"class_list":["post-2937","page","type-page","status-publish","has-post-thumbnail","hentry"],"acf":[],"_links":{"self":[{"href":"https:\/\/www.alkev.k12.tr\/de\/wp-json\/wp\/v2\/pages\/2937","targetHints":{"allow":["GET"]}}],"collection":[{"href":"https:\/\/www.alkev.k12.tr\/de\/wp-json\/wp\/v2\/pages"}],"about":[{"href":"https:\/\/www.alkev.k12.tr\/de\/wp-json\/wp\/v2\/types\/page"}],"author":[{"embeddable":true,"href":"https:\/\/www.alkev.k12.tr\/de\/wp-json\/wp\/v2\/users\/2"}],"replies":[{"embeddable":true,"href":"https:\/\/www.alkev.k12.tr\/de\/wp-json\/wp\/v2\/comments?post=2937"}],"version-history":[{"count":0,"href":"https:\/\/www.alkev.k12.tr\/de\/wp-json\/wp\/v2\/pages\/2937\/revisions"}],"wp:featuredmedia":[{"embeddable":true,"href":"https:\/\/www.alkev.k12.tr\/de\/wp-json\/wp\/v2\/media\/59482"}],"wp:attachment":[{"href":"https:\/\/www.alkev.k12.tr\/de\/wp-json\/wp\/v2\/media?parent=2937"}],"curies":[{"name":"wp","href":"https:\/\/api.w.org\/{rel}","templated":true}]}}