{"id":2939,"date":"2014-06-02T01:24:15","date_gmt":"2014-06-01T22:24:15","guid":{"rendered":"https:\/\/www.alkev.k12.tr\/?page_id=2939"},"modified":"2026-03-06T11:10:32","modified_gmt":"2026-03-06T08:10:32","slug":"gymnasium","status":"publish","type":"page","link":"https:\/\/www.alkev.k12.tr\/de\/gymnasium\/","title":{"rendered":"Gymnasium"},"content":{"rendered":"<p><img loading=\"lazy\" decoding=\"async\" class=\"alignright wp-image-59532\" src=\"https:\/\/www.alkev.k12.tr\/img\/2024\/10\/ALKEV-anadolu-ve-fen-lisesi-kopyasi.jpg\" alt=\"\" width=\"331\" height=\"185\" srcset=\"https:\/\/www.alkev.k12.tr\/img\/2024\/10\/ALKEV-anadolu-ve-fen-lisesi-kopyasi.jpg 1776w, https:\/\/www.alkev.k12.tr\/img\/2024\/10\/ALKEV-anadolu-ve-fen-lisesi-kopyasi-400x225.jpg 400w, https:\/\/www.alkev.k12.tr\/img\/2024\/10\/ALKEV-anadolu-ve-fen-lisesi-kopyasi-768x429.jpg 768w, https:\/\/www.alkev.k12.tr\/img\/2024\/10\/ALKEV-anadolu-ve-fen-lisesi-kopyasi-1536x859.jpg 1536w\" sizes=\"auto, (max-width: 331px) 100vw, 331px\" \/><\/p>\n<h4><strong>Profil<\/strong><\/h4>\n<p>Die ALKEV ist die Stiftungsschule der Absolventen der Deutschen Schule Istanbul. Der gymnasiale Zweig wurde 2013 er\u00f6ffnet. Er beabsichtigt eine hervorragende deutsche Sprachausbildung. Dementsprechend bauen unsere Sch\u00fcler*innen zu Beginn der gymnasialen Schullaufbahn in einem Vorbereitungsjahr (Haz\u0131rl\u0131k S\u0131n\u0131f\u0131) Grundlagen insbesondere der deutschen 20 Stunden pro Woche und der englischen (7 Stunden pro Woche) Sprache auf. Bereits hier nehmen sie an Sprachreisen im europ\u00e4ischen Ausland und Austauschprojekten mit Deutschland teil.<\/p>\n<p>In der darauffolgenden vierj\u00e4hrigen Oberstufe werden die Sch\u00fcler*innen zunehmend in allen schulischen Bereichen auf ein Studium im In- und Ausland vorbereitet. Das ALKEV Gymnasium ist eine DSD-Schule, d.h. hier werden Pr\u00fcfungen zum Deutschen Sprachdiplom der Kultusministerkonferenz DSD I (B1) und DSD II (C1) durchgef\u00fchrt. Diese Pr\u00fcfungen sind eine der Voraussetzungen f\u00fcr ein Studium im deutschsprachigen Raum.<\/p>\n<p>Ab dem Schuljahr 2018-2019 wird das GIB (Gemischtsprachiges Internationales Baccalaureate) DP als zus\u00e4tzliches Schulziel angeboten. N\u00e4heres zum Diplom Programm finden Sie auf der offiziellen Webseite des\u00a0<a href=\"https:\/\/www.ibo.org\/\" target=\"_blank\" rel=\"noopener noreferrer\">IBO<\/a>.<br \/>\nDas Abschlussdiplom ist ein international anerkannter, mit dem deutschen Abitur vergleichbarer Bildungsabschluss, der von der in Genf ans\u00e4ssigen International Baccalaureate Organisation\u00a9 seit 1968 vergeben wird. Sch\u00fcler*innen, die sich in der Oberstufe f\u00fcr das IBDP (GIB an der ALKEV) entscheiden, bereiten sich in den Jahrgangsstufen 11 und 12 aufsteigend auf die Diplompr\u00fcfungen des IBO vor. Hierbei werden sechs obligatorische F\u00e4cher, die in einer von der Schule festgelegten Unterrichtssprache (an der ALKEV Englisch, Deutsch sowie weiteren Sprachen) belegt. Zus\u00e4tzliche Verpflichtungen sind es w\u00e4hrend des zweij\u00e4hrigen Curriculum des IB-Diploms in den drei Kernbereichen Extended Essay eine Facharbeit anzufertigen, die Verpflichtungen des Theory of Knowledge-Faches (zu Deutsch: Erkenntnistheorie- zur F\u00f6rderung der kritischen und internationalen Denkweise) zu erf\u00fcllen und CAS (verschiedene Aktivit\u00e4ten) erfolgreich abzulegen.<\/p>\n<p>In allen Klassenstufen werden mit Lehrwerken und Lehrmethoden gelehrt, die den Niveaustufen des Gemeinsamen Europ\u00e4ischen Referenzrahmens f\u00fcr Sprachen entsprechen und so eine Pr\u00fcfungsvorbereitung darstellen. Neben der deutschen Sprache wird hier die deutsche Kultur vermittelt und gelebt.<\/p>\n<p>Das ALKEV Gymnasium ist modern und technologisch gut ausgestattet. Mit dem iMac, PC Labor und unseren Physik-, Chemie- und Biologielaboratorien sind wir auf dem h\u00f6chsten Stand der Technik.<\/p>\n<h4><strong>Leitbild<\/strong><\/h4>\n<p>Unser Leitbild wird getragen von Toleranz, Verantwortungsbewusstsein, Offenheit, Zivilcourage, Demokratie, H\u00f6flichkeit, R\u00fccksicht und Respekt.<\/p>\n<h4><strong>Begegnung im deutschsprachigen Raum<a href=\"https:\/\/www.alkev.k12.tr\/img\/2019\/03\/Ekran-Resmi-2019-03-21-15.36.33.png\"><img loading=\"lazy\" decoding=\"async\" class=\" wp-image-19464 alignright\" src=\"https:\/\/www.alkev.k12.tr\/img\/2019\/03\/Ekran-Resmi-2019-03-21-15.36.33.png\" alt=\"\" width=\"372\" height=\"209\" srcset=\"https:\/\/www.alkev.k12.tr\/img\/2019\/03\/Ekran-Resmi-2019-03-21-15.36.33.png 792w, https:\/\/www.alkev.k12.tr\/img\/2019\/03\/Ekran-Resmi-2019-03-21-15.36.33-220x124.png 220w, https:\/\/www.alkev.k12.tr\/img\/2019\/03\/Ekran-Resmi-2019-03-21-15.36.33-768x432.png 768w\" sizes=\"auto, (max-width: 372px) 100vw, 372px\" \/><\/a><\/strong><\/h4>\n<p>Jedes Schuljahr werden den Sch\u00fcler*innen des ALKEV Gymnasiums Austauschprogramme in unterschiedliche St\u00e4dte des deutschsprachigen Raumes angeboten. Eine dauerhafte Partnerschaft hat das ALKEV Gymnasium bereits mit der Sophienschule in der deutschen Stadt Hannover. Dar\u00fcber hinaus werden Sprachreisen u.a. nach Berlin und N\u00fcrnberg angeboten. Auf diese Weise wenden die Sch\u00fcler*innen ihr K\u00f6nnen an und erweitern es in authentischen Situationen. Ferner schlie\u00dfen die Sch\u00fcler*innen oftmals dauerhafte Freundschaften zu Gleichaltrigen im deutschsprachigen Raum.<\/p>\n<p>Sch\u00fcler*innen des ALKEV-Gymnasiums werden zu Weltb\u00fcrgern, indem sie Fremdsprachen und europ\u00e4ische Lebensformen kennenlernen.<\/p>\n<p><img loading=\"lazy\" decoding=\"async\" class=\" wp-image-80744 alignleft\" src=\"https:\/\/www.alkev.k12.tr\/img\/2026\/03\/BannerALK-ALM.jpg\" alt=\"\" width=\"640\" height=\"741\" srcset=\"https:\/\/www.alkev.k12.tr\/img\/2026\/03\/BannerALK-ALM.jpg 1600w, https:\/\/www.alkev.k12.tr\/img\/2026\/03\/BannerALK-ALM-194x225.jpg 194w, https:\/\/www.alkev.k12.tr\/img\/2026\/03\/BannerALK-ALM-768x889.jpg 768w, https:\/\/www.alkev.k12.tr\/img\/2026\/03\/BannerALK-ALM-1327x1536.jpg 1327w\" sizes=\"auto, (max-width: 640px) 100vw, 640px\" \/><\/p>\n<p>&nbsp;<\/p>\n<div class=\"wp-video\" style=\"width: 620px;\"><video id=\"stellt-euch-eine-schule-vor-v2\" class=\"wp-video-shortcode\" poster=\"\/img\/2022\/bir-okul-hayal-edin-v2.jpg\" controls=\"controls\" width=\"620\" height=\"349\"><source type=\"video\/mp4\" src=\"\/img\/2022\/stellt-euch-eine-schule-vor-v2.mp4\" \/><a href=\"\/img\/2022\/stellt-euch-eine-schule-vor-v2.mp4\">stellt-euch-eine-schule-vor-v2.mp4<\/a><\/video><\/div>\n","protected":false},"excerpt":{"rendered":"<p>Profil Die ALKEV ist die Stiftungsschule der Absolventen der Deutschen Schule Istanbul. Der gymnasiale Zweig wurde 2013 er\u00f6ffnet. Er beabsichtigt eine hervorragende deutsche Sprachausbildung. Dementsprechend bauen unsere Sch\u00fcler*innen zu Beginn der gymnasialen Schullaufbahn in einem Vorbereitungsjahr (Haz\u0131rl\u0131k S\u0131n\u0131f\u0131) Grundlagen insbesondere der deutschen 20 Stunden pro Woche und der englischen (7 Stunden pro Woche) Sprache auf. [&hellip;]<\/p>\n","protected":false},"author":2,"featured_media":59532,"parent":0,"menu_order":75,"comment_status":"closed","ping_status":"closed","template":"","meta":{"_acf_changed":false,"footnotes":"","_links_to":"","_links_to_target":""},"class_list":["post-2939","page","type-page","status-publish","has-post-thumbnail","hentry"],"acf":[],"_links":{"self":[{"href":"https:\/\/www.alkev.k12.tr\/de\/wp-json\/wp\/v2\/pages\/2939","targetHints":{"allow":["GET"]}}],"collection":[{"href":"https:\/\/www.alkev.k12.tr\/de\/wp-json\/wp\/v2\/pages"}],"about":[{"href":"https:\/\/www.alkev.k12.tr\/de\/wp-json\/wp\/v2\/types\/page"}],"author":[{"embeddable":true,"href":"https:\/\/www.alkev.k12.tr\/de\/wp-json\/wp\/v2\/users\/2"}],"replies":[{"embeddable":true,"href":"https:\/\/www.alkev.k12.tr\/de\/wp-json\/wp\/v2\/comments?post=2939"}],"version-history":[{"count":0,"href":"https:\/\/www.alkev.k12.tr\/de\/wp-json\/wp\/v2\/pages\/2939\/revisions"}],"wp:featuredmedia":[{"embeddable":true,"href":"https:\/\/www.alkev.k12.tr\/de\/wp-json\/wp\/v2\/media\/59532"}],"wp:attachment":[{"href":"https:\/\/www.alkev.k12.tr\/de\/wp-json\/wp\/v2\/media?parent=2939"}],"curies":[{"name":"wp","href":"https:\/\/api.w.org\/{rel}","templated":true}]}}