{"id":2943,"date":"2014-06-02T01:28:09","date_gmt":"2014-06-01T22:28:09","guid":{"rendered":"https:\/\/www.alkev.k12.tr\/?page_id=2943"},"modified":"2024-10-04T15:16:06","modified_gmt":"2024-10-04T12:16:06","slug":"kontakt","status":"publish","type":"page","link":"https:\/\/www.alkev.k12.tr\/de\/kontakt\/","title":{"rendered":"Kontakt"},"content":{"rendered":"<ul class=\"contact-address\">\n<li class=\"address\">Alkent 2000 Mh. Mehmet Ye\u015filg\u00fcl Cd. No:\u00a07<br \/>\nB\u00fcy\u00fck\u00e7ekmece \/ \u0130stanbul<\/li>\n<li class=\"phone\">Tel: +90 212 886 88 40<br \/>\nFax: +90 212 886 88 55<\/li>\n<li class=\"mail\"><span class=\"mail-rtl\">rt.21k.vekla@ofni<\/span><\/li>\n<\/ul>\n<div class=\"alignright\" style=\"width: 530px;\"><iframe loading=\"lazy\" style=\"border: 0;\" src=\"https:\/\/www.google.com\/maps\/embed?pb=!1m14!1m8!1m3!1d12032.132146731814!2d28.6056222!3d41.0682705!3m2!1i1024!2i768!4f13.1!3m3!1m2!1s0x14b55937b659213d%3A0x2e29f57f8f0a9872!2zQUxLRVYgw5Z6ZWwgT2t1bGxhcsSx!5e0!3m2!1str!2s!4v1402337915376\" width=\"530\" height=\"520\" frameborder=\"0\"><\/iframe><\/div>\n","protected":false},"excerpt":{"rendered":"<p>Alkent 2000 Mh. Mehmet Ye\u015filg\u00fcl Cd. No:\u00a07 B\u00fcy\u00fck\u00e7ekmece \/ \u0130stanbul Tel: +90 212 886 88 40 Fax: +90 212 886 88 55 rt.21k.vekla@ofni<\/p>\n","protected":false},"author":2,"featured_media":59491,"parent":0,"menu_order":90,"comment_status":"closed","ping_status":"closed","template":"page-contact-de.php","meta":{"_acf_changed":false,"footnotes":"","_links_to":"","_links_to_target":""},"class_list":["post-2943","page","type-page","status-publish","has-post-thumbnail","hentry"],"acf":[],"_links":{"self":[{"href":"https:\/\/www.alkev.k12.tr\/de\/wp-json\/wp\/v2\/pages\/2943","targetHints":{"allow":["GET"]}}],"collection":[{"href":"https:\/\/www.alkev.k12.tr\/de\/wp-json\/wp\/v2\/pages"}],"about":[{"href":"https:\/\/www.alkev.k12.tr\/de\/wp-json\/wp\/v2\/types\/page"}],"author":[{"embeddable":true,"href":"https:\/\/www.alkev.k12.tr\/de\/wp-json\/wp\/v2\/users\/2"}],"replies":[{"embeddable":true,"href":"https:\/\/www.alkev.k12.tr\/de\/wp-json\/wp\/v2\/comments?post=2943"}],"version-history":[{"count":0,"href":"https:\/\/www.alkev.k12.tr\/de\/wp-json\/wp\/v2\/pages\/2943\/revisions"}],"wp:featuredmedia":[{"embeddable":true,"href":"https:\/\/www.alkev.k12.tr\/de\/wp-json\/wp\/v2\/media\/59491"}],"wp:attachment":[{"href":"https:\/\/www.alkev.k12.tr\/de\/wp-json\/wp\/v2\/media?parent=2943"}],"curies":[{"name":"wp","href":"https:\/\/api.w.org\/{rel}","templated":true}]}}