{"id":3043,"date":"2014-06-03T23:25:48","date_gmt":"2014-06-03T20:25:48","guid":{"rendered":"https:\/\/www.alkev.k12.tr\/?page_id=3043"},"modified":"2024-04-24T10:26:36","modified_gmt":"2024-04-24T07:26:36","slug":"vorstand","status":"publish","type":"page","link":"https:\/\/www.alkev.k12.tr\/de\/alkev-stiftung\/vorstand\/","title":{"rendered":"Vorstand"},"content":{"rendered":"<table class=\"default-table\" style=\"height: 231px;\" border=\"0\" width=\"617\" cellspacing=\"0\" cellpadding=\"0\">\n<colgroup>\n<col width=\"50%\" \/>\n<col width=\"50%\" \/><\/colgroup>\n<tbody>\n<tr>\n<td>Eray Savc\u0131<\/td>\n<td>Stiftungsvorsitzender<\/td>\n<\/tr>\n<tr>\n<td>Mesut I\u015f\u0131l<\/td>\n<td>Stellvertretender Vorsitzender<\/td>\n<\/tr>\n<tr>\n<td>Osman Burak Akdikmen<\/td>\n<td>Vorstandsmitglied<\/td>\n<\/tr>\n<tr>\n<td>Behi\u00e7 Baran Ar\u0131kan<\/td>\n<td>Vorstandsmitglied<\/td>\n<\/tr>\n<tr>\n<td>Ali Eren<\/td>\n<td>Vorstandsmitglied<\/td>\n<\/tr>\n<tr>\n<td>\u0130smail Tacir<\/td>\n<td>Vorstandsmitglied<\/td>\n<\/tr>\n<tr>\n<td>Sedat Zincirk\u0131ran<\/td>\n<td>Vorstandsmitglied<\/td>\n<\/tr>\n<\/tbody>\n<\/table>\n<p>&nbsp;<\/p>\n","protected":false},"excerpt":{"rendered":"<p>Eray Savc\u0131 Stiftungsvorsitzender Mesut I\u015f\u0131l Stellvertretender Vorsitzender Osman Burak Akdikmen Vorstandsmitglied Behi\u00e7 Baran Ar\u0131kan Vorstandsmitglied Ali Eren Vorstandsmitglied \u0130smail Tacir Vorstandsmitglied Sedat Zincirk\u0131ran Vorstandsmitglied &nbsp;<\/p>\n","protected":false},"author":2,"featured_media":0,"parent":2927,"menu_order":79,"comment_status":"closed","ping_status":"closed","template":"","meta":{"_acf_changed":false,"footnotes":"","_links_to":"","_links_to_target":""},"class_list":["post-3043","page","type-page","status-publish","hentry"],"acf":[],"_links":{"self":[{"href":"https:\/\/www.alkev.k12.tr\/de\/wp-json\/wp\/v2\/pages\/3043","targetHints":{"allow":["GET"]}}],"collection":[{"href":"https:\/\/www.alkev.k12.tr\/de\/wp-json\/wp\/v2\/pages"}],"about":[{"href":"https:\/\/www.alkev.k12.tr\/de\/wp-json\/wp\/v2\/types\/page"}],"author":[{"embeddable":true,"href":"https:\/\/www.alkev.k12.tr\/de\/wp-json\/wp\/v2\/users\/2"}],"replies":[{"embeddable":true,"href":"https:\/\/www.alkev.k12.tr\/de\/wp-json\/wp\/v2\/comments?post=3043"}],"version-history":[{"count":0,"href":"https:\/\/www.alkev.k12.tr\/de\/wp-json\/wp\/v2\/pages\/3043\/revisions"}],"up":[{"embeddable":true,"href":"https:\/\/www.alkev.k12.tr\/de\/wp-json\/wp\/v2\/pages\/2927"}],"wp:attachment":[{"href":"https:\/\/www.alkev.k12.tr\/de\/wp-json\/wp\/v2\/media?parent=3043"}],"curies":[{"name":"wp","href":"https:\/\/api.w.org\/{rel}","templated":true}]}}