{"id":3048,"date":"2014-06-03T23:36:25","date_gmt":"2014-06-03T20:36:25","guid":{"rendered":"https:\/\/www.alkev.k12.tr\/?page_id=3048"},"modified":"2026-03-31T15:48:39","modified_gmt":"2026-03-31T12:48:39","slug":"schulleitung","status":"publish","type":"page","link":"https:\/\/www.alkev.k12.tr\/de\/uber-uns\/schulleitung\/","title":{"rendered":"Schulleitung"},"content":{"rendered":"<table class=\"default-table management\" border=\"0\" width=\"100%\" cellspacing=\"0\" cellpadding=\"0\">\n<colgroup>\n<col width=\"150\" \/>\n<col width=\"450\" \/><\/colgroup>\n<tbody>\n<tr>\n<td><a href=\"\/img\/yonetim\/ismet-aksoyek-202306.jpg\" data-fancybox=\"image\"><img decoding=\"async\" src=\"\/img\/yonetim\/ismet-aksoyek-202306.jpg\" alt=\"Dr. \u0130smet Aks\u00f6yek\" \/><\/a><\/td>\n<td class=\"text\"><strong>Dr. \u0130smet Aks\u00f6yek<\/strong><br \/>\nStiftungsvertreter<br \/>\nGesch\u00e4ftsf\u00fchrer<\/td>\n<\/tr>\n<tr>\n<td><img decoding=\"async\" src=\"https:\/\/www.alkev.k12.tr\/img\/yonetim-hazan-kaya.jpg\" alt=\"Hazan Kaya\" \/><\/td>\n<td class=\"text\"><strong>Hazan Kaya<\/strong><br \/>\nKindergartenleiterin<\/td>\n<\/tr>\n<tr>\n<td><img loading=\"lazy\" decoding=\"async\" class=\"alignleft size-full wp-image-3668\" src=\"\/img\/batuhan-nar-2023-2.jpg?v=3\" alt=\"Batuhan Nar\" width=\"150\" height=\"100\" \/><\/td>\n<td class=\"text\"><strong>Batuhan Nar<\/strong><br \/>\nSchulleiter Grundschule<\/td>\n<\/tr>\n<tr>\n<td><img decoding=\"async\" src=\"https:\/\/www.alkev.k12.tr\/img\/yonetim-tamar-ucar-ozdemir.jpg\" alt=\"Tamar U\u00e7ar \u00d6zdemir\" \/><\/td>\n<td class=\"text\"><strong>Tamar U\u00e7ar \u00d6zdemir<\/strong><br \/>\nStellvertretende Schulleiterin Grundschule<\/td>\n<\/tr>\n<tr>\n<td><a href=\"\/img\/yonetim\/elif-durukan-2023-2.jpg\" data-fancybox=\"image\"><img decoding=\"async\" src=\"\/img\/yonetim\/elif-durukan-2023-2.jpg\" alt=\"S. Elif Durukan\" \/><\/a><\/td>\n<td class=\"text\"><strong>S. Elif Durukan<\/strong><br \/>\nSchulleiterin Mittelschule und Gymnasium<\/td>\n<\/tr>\n<tr>\n<td><img loading=\"lazy\" decoding=\"async\" class=\"alignleft size-full wp-image-3668\" src=\"https:\/\/www.alkev.k12.tr\/img\/2013\/07\/firatgokalp-e1409173983659.jpg\" alt=\"firatgokalp\" width=\"150\" height=\"100\" \/><\/td>\n<td class=\"text\"><strong>F\u0131rat G\u00f6kalp<\/strong><br \/>\nStellvertretender Schulleiter Mittelschule<\/td>\n<\/tr>\n<tr>\n<td><img decoding=\"async\" src=\"https:\/\/www.alkev.k12.tr\/img\/yonetim-yasar-firat-altinsuyu.jpg\" alt=\"Ya\u015far F\u0131rat Altunsuyu\" \/><\/td>\n<td class=\"text\"><strong>Ya\u015far F\u0131rat Altunsuyu<\/strong><br \/>\nStellvertretender Schulleiter Mittelschule \/ Pr\u00fcfungskoordinator<\/td>\n<\/tr>\n<tr>\n<td><a href=\"\/img\/yonetim\/deniz-basaran-2023.jpg\" data-fancybox=\"image\"><img decoding=\"async\" src=\"\/img\/yonetim\/deniz-basaran-2023.jpg\" alt=\"Deniz Ba\u015faran\" \/><\/a><\/td>\n<td class=\"text\"><strong>Deniz Ba\u015faran<\/strong><br \/>\nStellvertretende Schulleiterin und Koordinatorin f\u00fcr Deutsch<\/td>\n<\/tr>\n<tr>\n<td><img decoding=\"async\" src=\"https:\/\/www.alkev.k12.tr\/img\/yonetim-vildan-kocaoglu.jpg\" alt=\"Vildan Kocao\u011flu\" \/><\/td>\n<td class=\"text\"><strong>Vildan Kocao\u011flu<\/strong><br \/>\nStellvertretende Schulleiterin Gymnasium<\/td>\n<\/tr>\n<tr>\n<td><a href=\"\/img\/yonetim\/didem-tunca-2023-2.jpg\" data-fancybox=\"image\"><img decoding=\"async\" src=\"\/img\/yonetim\/didem-tunca-2023-2.jpg\" alt=\"Didem Tunca\" \/><\/a><\/td>\n<td class=\"text\"><strong>Didem Tunca<\/strong><br \/>\nStellvertretende Schulleiterin Gymnasium<\/td>\n<\/tr>\n<tr>\n<td><a href=\"\/img\/yonetim\/nese-uygur-2023-2.jpg\" data-fancybox=\"image\"><img decoding=\"async\" src=\"\/img\/yonetim\/nese-uygur-2023-2.jpg\" alt=\"Ne\u015fe Uygur\" \/><\/a><\/td>\n<td class=\"text\"><strong>Ne\u015fe Uygur<\/strong><br \/>\nStellvertretende Schulleiterin Gymnasium \/ Pr\u00fcfungskoordinatorin<\/td>\n<\/tr>\n<tr>\n<td><a href=\"\/img\/yonetim\/ceylan-ozceylan-2023.jpg\" data-fancybox=\"image\"><img decoding=\"async\" src=\"\/img\/yonetim\/ceylan-ozceylan-2023.jpg\" alt=\"Ceylan \u00d6zceylan\" \/><\/a><\/td>\n<td class=\"text\"><strong>Ceylan \u00d6zceylan<\/strong><br \/>\nStellvertretende Schulleiterin Gymnasium<\/td>\n<\/tr>\n<tr>\n<td><img decoding=\"async\" src=\"\/img\/yonetim\/resit-yalin-guckiran-202406.jpg\" alt=\"R. Yal\u0131n G\u00fc\u00e7k\u0131ran\" \/><\/td>\n<td class=\"text\"><strong>Dr. R. Yal\u0131n G\u00fc\u00e7k\u0131ran<\/strong><br \/>\nAkademischer und Administrativer Koordinator<\/td>\n<\/tr>\n<\/tbody>\n<\/table>\n","protected":false},"excerpt":{"rendered":"<p>Dr. \u0130smet Aks\u00f6yek Stiftungsvertreter Gesch\u00e4ftsf\u00fchrer Hazan Kaya Kindergartenleiterin Batuhan Nar Schulleiter Grundschule Tamar U\u00e7ar \u00d6zdemir Stellvertretende Schulleiterin Grundschule S. Elif Durukan Schulleiterin Mittelschule und Gymnasium F\u0131rat G\u00f6kalp Stellvertretender Schulleiter Mittelschule Ya\u015far F\u0131rat Altunsuyu Stellvertretender Schulleiter Mittelschule \/ Pr\u00fcfungskoordinator Deniz Ba\u015faran Stellvertretende Schulleiterin und Koordinatorin f\u00fcr Deutsch Vildan Kocao\u011flu Stellvertretende Schulleiterin Gymnasium Didem Tunca Stellvertretende Schulleiterin [&hellip;]<\/p>\n","protected":false},"author":2,"featured_media":0,"parent":2940,"menu_order":69,"comment_status":"closed","ping_status":"closed","template":"page-okul-yonetimi-de.php","meta":{"_acf_changed":false,"footnotes":"","_links_to":"","_links_to_target":""},"class_list":["post-3048","page","type-page","status-publish","hentry"],"acf":[],"_links":{"self":[{"href":"https:\/\/www.alkev.k12.tr\/de\/wp-json\/wp\/v2\/pages\/3048","targetHints":{"allow":["GET"]}}],"collection":[{"href":"https:\/\/www.alkev.k12.tr\/de\/wp-json\/wp\/v2\/pages"}],"about":[{"href":"https:\/\/www.alkev.k12.tr\/de\/wp-json\/wp\/v2\/types\/page"}],"author":[{"embeddable":true,"href":"https:\/\/www.alkev.k12.tr\/de\/wp-json\/wp\/v2\/users\/2"}],"replies":[{"embeddable":true,"href":"https:\/\/www.alkev.k12.tr\/de\/wp-json\/wp\/v2\/comments?post=3048"}],"version-history":[{"count":0,"href":"https:\/\/www.alkev.k12.tr\/de\/wp-json\/wp\/v2\/pages\/3048\/revisions"}],"up":[{"embeddable":true,"href":"https:\/\/www.alkev.k12.tr\/de\/wp-json\/wp\/v2\/pages\/2940"}],"wp:attachment":[{"href":"https:\/\/www.alkev.k12.tr\/de\/wp-json\/wp\/v2\/media?parent=3048"}],"curies":[{"name":"wp","href":"https:\/\/api.w.org\/{rel}","templated":true}]}}