{"id":33016,"date":"2021-10-13T17:20:38","date_gmt":"2021-10-13T14:20:38","guid":{"rendered":"https:\/\/www.alkev.k12.tr\/uber-uns\/idari-birimler\/"},"modified":"2025-08-27T13:24:03","modified_gmt":"2025-08-27T10:24:03","slug":"verwaltung","status":"publish","type":"page","link":"https:\/\/www.alkev.k12.tr\/de\/uber-uns\/verwaltung\/","title":{"rendered":"Verwaltung"},"content":{"rendered":"<h2 class=\"post-title\">Buchhaltung<\/h2>\n<div class=\"unit-content\"><strong><i class=\"fa fa-user\"><\/i>Derya Arslan &#8211; <em>Leiterin der Buchhaltung und Wirtschaftspr\u00fcferin<\/em><\/strong><\/div>\n<div>\n<p>Die Buchhaltungsabteilung erfasst die finanziellen Aktivit\u00e4ten der Institution, erstellt Berichte f\u00fcr die Gesch\u00e4ftsleitung und zust\u00e4ndige Stellen, \u00fcberwacht Prozesse wie Steuern, Sozialversicherung, Kredite und Zahlungen und f\u00fchrt Finanzprozesse f\u00fcr Studierende durch.<\/p>\n<\/div>\n<h2 class=\"post-title\">Personalabteilung<\/h2>\n<div class=\"unit-content\"><strong><i class=\"fa fa-user\"><\/i>Gizem S\u00fcalp &#8211; <em>Leiterin der Personalabteilung<\/em><\/strong><\/div>\n<div>\n<p>Die Personalabteilung sorgt f\u00fcr eine qualifizierte Belegschaft, steuert den Onboarding-Prozess und st\u00e4rkt das Zugeh\u00f6rigkeitsgef\u00fchl der Mitarbeitenden. Weitere Aufgaben sind Mitarbeiterentwicklung, Benefits-Verwaltung, Schulung, Leistungsmanagement, Gesundheit und Sicherheit, Unternehmenskultur, Motivation, Zielplanung sowie faire Verg\u00fctung und Transparenz.<\/p>\n<\/div>\n<h2 class=\"post-title\">EDV-Abteilung<\/h2>\n<p>Unsere Abteilung verwaltet IT-Projekte, technologische Ausstattung und Softwarel\u00f6sungen, bew\u00e4ltigt technische Krisensituationen, h\u00e4lt Systeme aktuell und unterst\u00fctzt die Institution bei Qualit\u00e4tsstandards, strategischer Planung und Berichterstattung.<\/p>\n<h2 class=\"post-title\">Abteilung f\u00fcr Arbeitssicherheit<\/h2>\n<div class=\"unit-content\"><strong><i class=\"fa fa-user\"><\/i>Selami Turhan &#8211; <em>Experte f\u00fcr Arbeitssicherheit<\/em><\/strong><\/div>\n<div>\n<p>Zu den Aufgaben geh\u00f6ren: Beratung und Vorschl\u00e4ge zur \u00dcberwachung des Arbeitsumfelds, Durchf\u00fchrung arbeitsmedizinischer Vorsorge, Planung von Schulungen zu Arbeitssicherheit, Erstellung von Notfallpl\u00e4nen, Dokumentation von Arbeitspl\u00e4nen, Unf\u00e4llen und Berufskrankheiten sowie vertrauliche Aufbewahrung der Gesundheitsakten der Mitarbeitenden.<\/p>\n<\/div>\n<h2 class=\"post-title\">Abteilung f\u00fcr Unternehmenskommunikation<\/h2>\n<div class=\"unit-content\"><strong><i class=\"fa fa-user\"><\/i>Yeliz Yal\u0131n &#8211; <em>Koordinatorin der Unternehmenskommunikation<\/em><\/strong><\/div>\n<div>\n<p>Zu den Aufgaben innerhalb der ALKEV Privatschulen geh\u00f6rt die Organisation von Kommunikationsaktivit\u00e4ten, sowohl intern als auch extern, die Durchf\u00fchrung von Arbeiten zur Unternehmensidentit\u00e4t und zu unternehmensbezogenen Veranstaltungen sowie die Umsetzung von Presse-, Werbe- und Marketingaktivit\u00e4ten.<\/p>\n<\/div>\n<div>\n<h2 class=\"post-title\">Abteilung f\u00fcr Gesundheit<\/h2>\n<div class=\"unit-content\"><strong><i class=\"fa fa-user\"><\/i>Meltem Bozkurt &#8211; <em>Koordinatorin der Gesundheitsabteilung<\/em><\/strong><\/div>\n<div>\n<p>Schulgesundheitsdienste f\u00f6rdern die Gesundheit von Sch\u00fcler*innen und Schulpersonal, sorgen f\u00fcr ein gesundes Umfeld und bieten Gesundheitsbildung.<\/p>\n<\/div>\n<\/div>\n<h2 class=\"post-title\">Abteilung Einkauf<\/h2>\n<div class=\"unit-content\"><strong><i class=\"fa fa-user\"><\/i>Serhat \u0130leri &#8211; <em>Leiter Einkauf<\/em><\/strong><\/div>\n<div>\n<p>Wir beschaffen genehmigte Einkaufsanfragen der akademischen und administrativen Abteilungen, verbessern die Servicequalit\u00e4t von Subunternehmern, holen Angebote ein, identifizieren Lieferanten und f\u00fchren statistische Auswertungen durch.<\/p>\n<\/div>\n<h2 class=\"post-title\">Abteilung f\u00fcr Interne Dienstleistungen<\/h2>\n<div class=\"unit-content\"><strong><i class=\"fa fa-user\"><\/i>Hakan Keskin &#8211; <em>Zust\u00e4ndiger f\u00fcr interne Dienstleistungen<\/em><\/strong><\/div>\n<div>\n<p>Wir koordinieren G\u00e4rtner, Fahrer, Sicherheits-, Reinigungs- und Technikpersonal, um sicherzustellen, dass die Bereiche der Schule sauber, ordentlich und einsatzbereit bleiben.<\/p>\n<\/div>\n","protected":false},"excerpt":{"rendered":"<p>Buchhaltung Derya Arslan &#8211; Leiterin der Buchhaltung und Wirtschaftspr\u00fcferin Die Buchhaltungsabteilung erfasst die finanziellen Aktivit\u00e4ten der Institution, erstellt Berichte f\u00fcr die Gesch\u00e4ftsleitung und zust\u00e4ndige Stellen, \u00fcberwacht Prozesse wie Steuern, Sozialversicherung, Kredite und Zahlungen und f\u00fchrt Finanzprozesse f\u00fcr Studierende durch. Personalabteilung Gizem S\u00fcalp &#8211; Leiterin der Personalabteilung Die Personalabteilung sorgt f\u00fcr eine qualifizierte Belegschaft, steuert den [&hellip;]<\/p>\n","protected":false},"author":2,"featured_media":0,"parent":2940,"menu_order":0,"comment_status":"closed","ping_status":"closed","template":"","meta":{"_acf_changed":false,"footnotes":"","_links_to":"","_links_to_target":""},"class_list":["post-33016","page","type-page","status-publish","hentry"],"acf":[],"_links":{"self":[{"href":"https:\/\/www.alkev.k12.tr\/de\/wp-json\/wp\/v2\/pages\/33016","targetHints":{"allow":["GET"]}}],"collection":[{"href":"https:\/\/www.alkev.k12.tr\/de\/wp-json\/wp\/v2\/pages"}],"about":[{"href":"https:\/\/www.alkev.k12.tr\/de\/wp-json\/wp\/v2\/types\/page"}],"author":[{"embeddable":true,"href":"https:\/\/www.alkev.k12.tr\/de\/wp-json\/wp\/v2\/users\/2"}],"replies":[{"embeddable":true,"href":"https:\/\/www.alkev.k12.tr\/de\/wp-json\/wp\/v2\/comments?post=33016"}],"version-history":[{"count":0,"href":"https:\/\/www.alkev.k12.tr\/de\/wp-json\/wp\/v2\/pages\/33016\/revisions"}],"up":[{"embeddable":true,"href":"https:\/\/www.alkev.k12.tr\/de\/wp-json\/wp\/v2\/pages\/2940"}],"wp:attachment":[{"href":"https:\/\/www.alkev.k12.tr\/de\/wp-json\/wp\/v2\/media?parent=33016"}],"curies":[{"name":"wp","href":"https:\/\/api.w.org\/{rel}","templated":true}]}}