{"id":5138,"date":"2015-03-24T16:59:58","date_gmt":"2015-03-24T14:59:58","guid":{"rendered":"https:\/\/www.alkev.k12.tr\/?page_id=5138"},"modified":"2015-03-24T17:01:49","modified_gmt":"2015-03-24T15:01:49","slug":"schulen-partner-der-zukunft","status":"publish","type":"page","link":"https:\/\/www.alkev.k12.tr\/de\/schulen-partner-der-zukunft\/","title":{"rendered":"SCHULEN: PARTNER der ZUKUNFT"},"content":{"rendered":"<p>Im Februar 2008 rief das Ausw\u00e4rtige Amt die Initiative \u201cSchulen: Partner der Zukunft\u201d\u00a0(PASCH) ins Leben. PASCH st\u00e4rkt und verbindet ein weltumspannendes Netz von rund 1.700 Partnerschulen mit besonderer Deutschlandbindung.<\/p>\n<p>Bei jungen Menschen soll damit nachhaltiges Interesse und Begeisterung f\u00fcr das moderne Deutschland, seine Gesellschaft und die deutsche Sprache geweckt werden. Das Goethe-Institut betreut PASCH-Schulen in den nationalen Bildungssystemen von \u00fcber 100 L\u00e4ndern.<\/p>\n<h4>Leitgedanken der Initiative und beteiligte Partner<\/h4>\n<p>Vier Leitgedanken bestimmen die Ausrichtung von PASCH: Perspektiven durch Bildung, Horizonterweiterung durch Mehrsprachigkeit, Zugang zu Sprache und Bildung und gemeinsames Angehen von Zukunftsproblemen als internationale Lerngemeinschaft.<\/p>\n<p><img loading=\"lazy\" decoding=\"async\" class=\" alignleft\" src=\"https:\/\/www.alkev.k12.tr\/img\/schulen-partner.jpg\" alt=\"Pasch Okullar\u0131\" width=\"140\" height=\"105\" \/>Die Initiative wird vom Ausw\u00e4rtigen Amt koordiniert und gemeinsam mit der Zentralstelle f\u00fcr das Auslandsschulwesen, dem Goethe-Institut, dem Deutschen Akademischen Austauschdienst und dem P\u00e4dagogischen Austauschdienst der Kultusministerkonferenz umgesetzt.<\/p>\n<p>Das Netz von Deutschen Auslandsschulen und Schulen, die das Deutsche Sprachdiplom anbieten, wird gest\u00e4rkt. Dar\u00fcber hinaus wird die schulische Zusammenarbeit ausgebaut, um in den nationalen Bildungssystemen Deutsch als Fremdsprache weiter zu festigen. Zus\u00e4tzlich werden die Stipendien f\u00fcr ein Studium in Deutschland und die M\u00f6glichkeiten f\u00fcr Sch\u00fcleraustausch und Schulpartnerschaften angeboten.<\/p>\n<h4>Ziele von PASCH<\/h4>\n<p>PASCH tr\u00e4gt so mit attraktiven Bildungsangeboten zur nachhaltigen Qualifizierung sowohl von Sch\u00fclerinnen und Sch\u00fclern als auch von Lehrkr\u00e4ften bei und erweitert damit die Kompetenzen der jungen Menschen f\u00fcr ein Studium in Deutschland und im sp\u00e4teren Berufsleben. Ziele sind au\u00dferdem der Aufbau lebendiger und langfristiger Bindungen zu Deutschland sowie die Anregung der Schulen, ihrer Lehrkr\u00e4fte und Sch\u00fclerinnen und Sch\u00fcler zum offenen Gedankenaustausch und zur Zusammenarbeit untereinander. PASCH ist zudem mit anderen Initiativen der Ausw\u00e4rtigen Kultur- und Bildungspolitik vernetzt, etwa dem Freiwilligendienst \u201cKulturweit\u201d.<\/p>\n","protected":false},"excerpt":{"rendered":"<p>Im Februar 2008 rief das Ausw\u00e4rtige Amt die Initiative \u201cSchulen: Partner der Zukunft\u201d\u00a0(PASCH) ins Leben. PASCH st\u00e4rkt und verbindet ein weltumspannendes Netz von rund 1.700 Partnerschulen mit besonderer Deutschlandbindung. Bei jungen Menschen soll damit nachhaltiges Interesse und Begeisterung f\u00fcr das moderne Deutschland, seine Gesellschaft und die deutsche Sprache geweckt werden. Das Goethe-Institut betreut PASCH-Schulen in [&hellip;]<\/p>\n","protected":false},"author":2,"featured_media":0,"parent":0,"menu_order":0,"comment_status":"closed","ping_status":"closed","template":"template-page-full-width.php","meta":{"_acf_changed":false,"footnotes":"","_links_to":"","_links_to_target":""},"class_list":["post-5138","page","type-page","status-publish","hentry"],"acf":[],"_links":{"self":[{"href":"https:\/\/www.alkev.k12.tr\/de\/wp-json\/wp\/v2\/pages\/5138","targetHints":{"allow":["GET"]}}],"collection":[{"href":"https:\/\/www.alkev.k12.tr\/de\/wp-json\/wp\/v2\/pages"}],"about":[{"href":"https:\/\/www.alkev.k12.tr\/de\/wp-json\/wp\/v2\/types\/page"}],"author":[{"embeddable":true,"href":"https:\/\/www.alkev.k12.tr\/de\/wp-json\/wp\/v2\/users\/2"}],"replies":[{"embeddable":true,"href":"https:\/\/www.alkev.k12.tr\/de\/wp-json\/wp\/v2\/comments?post=5138"}],"version-history":[{"count":0,"href":"https:\/\/www.alkev.k12.tr\/de\/wp-json\/wp\/v2\/pages\/5138\/revisions"}],"wp:attachment":[{"href":"https:\/\/www.alkev.k12.tr\/de\/wp-json\/wp\/v2\/media?parent=5138"}],"curies":[{"name":"wp","href":"https:\/\/api.w.org\/{rel}","templated":true}]}}