{"id":56882,"date":"2024-06-12T14:22:06","date_gmt":"2024-06-12T11:22:06","guid":{"rendered":"https:\/\/www.alkev.k12.tr\/sat-sinavi\/"},"modified":"2024-06-12T15:49:42","modified_gmt":"2024-06-12T12:49:42","slug":"sat-pruefungszentrum","status":"publish","type":"page","link":"https:\/\/www.alkev.k12.tr\/de\/gymnasium\/sat-pruefungszentrum\/","title":{"rendered":"SAT-Pr\u00fcfungszentrum"},"content":{"rendered":"<p><img loading=\"lazy\" decoding=\"async\" class=\"wp-image-56910 alignright\" src=\"https:\/\/www.alkev.k12.tr\/img\/2024\/06\/SAT.png\" alt=\"\" width=\"281\" height=\"68\" srcset=\"https:\/\/www.alkev.k12.tr\/img\/2024\/06\/SAT.png 484w, https:\/\/www.alkev.k12.tr\/img\/2024\/06\/SAT-400x97.png 400w\" sizes=\"auto, (max-width: 281px) 100vw, 281px\" \/>Das ALKEV Gymnasium ist nun ein offizielles Zentrum f\u00fcr die international anerkannten SAT-Pr\u00fcfungen.<\/p>\n<p>Der vom College Board entwickelte <a href=\"https:\/\/satsuite.collegeboard.org\/\" target=\"_blank\" rel=\"noopener\" data-saferedirecturl=\"https:\/\/www.google.com\/url?q=https:\/\/satsuite.collegeboard.org\/&amp;source=gmail&amp;ust=1718274905059000&amp;usg=AOvVaw3lG8OqzB4F9mn9ZsyS-4SQ\">Scholastic Aptitude Test (SAT)<\/a>, spielt eine wichtige Rolle bei der Zulassung zu Universit\u00e4ten weltweit und wird in der T\u00fcrkei jedes Jahr im Oktober, November, Dezember, Januar, Mai und Juni abgehalten.<\/p>\n<p>Die SAT-Pr\u00fcfung besteht aus Multiple-Choice-Fragen und erfordert gute Englischkenntnisse.\u00a0Die Pr\u00fcfungsergebnisse sind zwei Jahre lang g\u00fcltig.<\/p>\n<p>Wir freuen uns, unseren Sch\u00fcler*innen das bestm\u00f6gliche Pr\u00fcfungserlebnis zu bieten und ihnen mitzuteilen, dass wir als ALKEV Privatschulen w\u00e4hrend dieses Prozesses an ihrer Seite stehen.<\/p>\n","protected":false},"excerpt":{"rendered":"<p>Das ALKEV Gymnasium ist nun ein offizielles Zentrum f\u00fcr die international anerkannten SAT-Pr\u00fcfungen. Der vom College Board entwickelte Scholastic Aptitude Test (SAT), spielt eine wichtige Rolle bei der Zulassung zu Universit\u00e4ten weltweit und wird in der T\u00fcrkei jedes Jahr im Oktober, November, Dezember, Januar, Mai und Juni abgehalten. Die SAT-Pr\u00fcfung besteht aus Multiple-Choice-Fragen und erfordert [&hellip;]<\/p>\n","protected":false},"author":2,"featured_media":59518,"parent":2939,"menu_order":0,"comment_status":"closed","ping_status":"closed","template":"","meta":{"_acf_changed":false,"footnotes":"","_links_to":"","_links_to_target":""},"class_list":["post-56882","page","type-page","status-publish","has-post-thumbnail","hentry"],"acf":[],"_links":{"self":[{"href":"https:\/\/www.alkev.k12.tr\/de\/wp-json\/wp\/v2\/pages\/56882","targetHints":{"allow":["GET"]}}],"collection":[{"href":"https:\/\/www.alkev.k12.tr\/de\/wp-json\/wp\/v2\/pages"}],"about":[{"href":"https:\/\/www.alkev.k12.tr\/de\/wp-json\/wp\/v2\/types\/page"}],"author":[{"embeddable":true,"href":"https:\/\/www.alkev.k12.tr\/de\/wp-json\/wp\/v2\/users\/2"}],"replies":[{"embeddable":true,"href":"https:\/\/www.alkev.k12.tr\/de\/wp-json\/wp\/v2\/comments?post=56882"}],"version-history":[{"count":0,"href":"https:\/\/www.alkev.k12.tr\/de\/wp-json\/wp\/v2\/pages\/56882\/revisions"}],"up":[{"embeddable":true,"href":"https:\/\/www.alkev.k12.tr\/de\/wp-json\/wp\/v2\/pages\/2939"}],"wp:featuredmedia":[{"embeddable":true,"href":"https:\/\/www.alkev.k12.tr\/de\/wp-json\/wp\/v2\/media\/59518"}],"wp:attachment":[{"href":"https:\/\/www.alkev.k12.tr\/de\/wp-json\/wp\/v2\/media?parent=56882"}],"curies":[{"name":"wp","href":"https:\/\/api.w.org\/{rel}","templated":true}]}}