{"id":27326,"date":"2014-03-12T23:02:31","date_gmt":"2014-03-12T21:02:31","guid":{"rendered":"https:\/\/www.alkev.k12.tr\/life-at-school\/fiziksel-yapi\/"},"modified":"2025-09-23T10:21:12","modified_gmt":"2025-09-23T07:21:12","slug":"physical-structure","status":"publish","type":"page","link":"https:\/\/www.alkev.k12.tr\/en\/life-at-school\/physical-structure\/","title":{"rendered":"Physical Structure"},"content":{"rendered":"<p>ALKEV private schools is in B\u00fcy\u00fck\u00e7ekmece, on 30 acres of land intertwined with nature, it is qualified to meet all kinds of needs of students. It consists of indoor sports halls, outdoor sports fields, kindergarten, elementary school, middle school and high school education buildings. It was built in accordance with German norms with steel construction and the results obtained from the soil survey studies.<\/p>\n<p>Our campus, which is located in nature, is free from traffic chaos of the city with its 1250 m2 outdoor and indoor sports field, 12,000 m2 indoor and 18,000 m2 green area, has the physical equipment to allow students to study with advanced technology in peace and security.<\/p>\n\n\t\t<style type=\"text\/css\">\n\t\t\t#gallery-1 {\n\t\t\t\tmargin: auto;\n\t\t\t}\n\t\t\t#gallery-1 .gallery-item {\n\t\t\t\tfloat: left;\n\t\t\t\tmargin-top: 10px;\n\t\t\t\ttext-align: center;\n\t\t\t\twidth: 33%;\n\t\t\t}\n\t\t\t#gallery-1 img {\n\t\t\t\tborder: 2px solid #cfcfcf;\n\t\t\t}\n\t\t\t#gallery-1 .gallery-caption {\n\t\t\t\tmargin-left: 0;\n\t\t\t}\n\t\t\t\/* see gallery_shortcode() in wp-includes\/media.php *\/\n\t\t<\/style>\n\t\t<div id='gallery-1' class='gallery galleryid-27326 gallery-columns-3 gallery-size-thumbnail'><dl class='gallery-item'>\n\t\t\t<dt class='gallery-icon landscape'>\n\t\t\t\t<a rel=\"prettyPhoto[pp_gal]\" href='https:\/\/www.alkev.k12.tr\/img\/2021\/03\/253-2.jpg'><img loading=\"lazy\" decoding=\"async\" width=\"300\" height=\"200\" src=\"https:\/\/www.alkev.k12.tr\/img\/2021\/03\/253-2-300x200.jpg\" class=\"attachment-thumbnail size-thumbnail\" alt=\"\" aria-describedby=\"gallery-1-29483\" srcset=\"https:\/\/www.alkev.k12.tr\/img\/2021\/03\/253-2-300x200.jpg 300w, https:\/\/www.alkev.k12.tr\/img\/2021\/03\/253-2-338x225.jpg 338w, https:\/\/www.alkev.k12.tr\/img\/2021\/03\/253-2-768x512.jpg 768w, https:\/\/www.alkev.k12.tr\/img\/2021\/03\/253-2.jpg 800w\" sizes=\"auto, (max-width: 300px) 100vw, 300px\" \/><\/a>\n\t\t\t<\/dt>\n\t\t\t\t<dd class='wp-caption-text gallery-caption' id='gallery-1-29483'>\n\t\t\t\tKindergarten\n\t\t\t\t<\/dd><\/dl><dl class='gallery-item'>\n\t\t\t<dt class='gallery-icon landscape'>\n\t\t\t\t<a rel=\"prettyPhoto[pp_gal]\" href='https:\/\/www.alkev.k12.tr\/img\/2023\/09\/Anaokulu-4-kopyasi.jpg'><img loading=\"lazy\" decoding=\"async\" width=\"300\" height=\"200\" src=\"https:\/\/www.alkev.k12.tr\/img\/2023\/09\/Anaokulu-4-kopyasi-300x200.jpg\" class=\"attachment-thumbnail size-thumbnail\" alt=\"\" aria-describedby=\"gallery-1-48169\" srcset=\"https:\/\/www.alkev.k12.tr\/img\/2023\/09\/Anaokulu-4-kopyasi-300x200.jpg 300w, https:\/\/www.alkev.k12.tr\/img\/2023\/09\/Anaokulu-4-kopyasi-338x225.jpg 338w, https:\/\/www.alkev.k12.tr\/img\/2023\/09\/Anaokulu-4-kopyasi-768x512.jpg 768w, https:\/\/www.alkev.k12.tr\/img\/2023\/09\/Anaokulu-4-kopyasi.jpg 800w\" sizes=\"auto, (max-width: 300px) 100vw, 300px\" \/><\/a>\n\t\t\t<\/dt>\n\t\t\t\t<dd class='wp-caption-text gallery-caption' id='gallery-1-48169'>\n\t\t\t\tKindergarten\n\t\t\t\t<\/dd><\/dl><dl class='gallery-item'>\n\t\t\t<dt class='gallery-icon landscape'>\n\t\t\t\t<a rel=\"prettyPhoto[pp_gal]\" href='https:\/\/www.alkev.k12.tr\/img\/2020\/11\/IMG_6942-kopyasi-2.jpg'><img loading=\"lazy\" decoding=\"async\" width=\"300\" height=\"200\" src=\"https:\/\/www.alkev.k12.tr\/img\/2020\/11\/IMG_6942-kopyasi-2-300x200.jpg\" class=\"attachment-thumbnail size-thumbnail\" alt=\"\" aria-describedby=\"gallery-1-28524\" \/><\/a>\n\t\t\t<\/dt>\n\t\t\t\t<dd class='wp-caption-text gallery-caption' id='gallery-1-28524'>\n\t\t\t\tKindergarten\n\t\t\t\t<\/dd><\/dl><br style=\"clear: both\" \/><dl class='gallery-item'>\n\t\t\t<dt class='gallery-icon landscape'>\n\t\t\t\t<a rel=\"prettyPhoto[pp_gal]\" href='https:\/\/www.alkev.k12.tr\/img\/2024\/10\/Bina10-kopyasi-1.jpg'><img loading=\"lazy\" decoding=\"async\" width=\"300\" height=\"200\" src=\"https:\/\/www.alkev.k12.tr\/img\/2024\/10\/Bina10-kopyasi-1-300x200.jpg\" class=\"attachment-thumbnail size-thumbnail\" alt=\"\" aria-describedby=\"gallery-1-59483\" \/><\/a>\n\t\t\t<\/dt>\n\t\t\t\t<dd class='wp-caption-text gallery-caption' id='gallery-1-59483'>\n\t\t\t\tPrimary and Middle School\n\t\t\t\t<\/dd><\/dl><dl class='gallery-item'>\n\t\t\t<dt class='gallery-icon landscape'>\n\t\t\t\t<a rel=\"prettyPhoto[pp_gal]\" href='https:\/\/www.alkev.k12.tr\/img\/2025\/09\/IMG_4703.jpg'><img loading=\"lazy\" decoding=\"async\" width=\"300\" height=\"200\" src=\"https:\/\/www.alkev.k12.tr\/img\/2025\/09\/IMG_4703-300x200.jpg\" class=\"attachment-thumbnail size-thumbnail\" alt=\"\" aria-describedby=\"gallery-1-72882\" srcset=\"https:\/\/www.alkev.k12.tr\/img\/2025\/09\/IMG_4703-300x200.jpg 300w, https:\/\/www.alkev.k12.tr\/img\/2025\/09\/IMG_4703-338x225.jpg 338w, https:\/\/www.alkev.k12.tr\/img\/2025\/09\/IMG_4703-768x512.jpg 768w, https:\/\/www.alkev.k12.tr\/img\/2025\/09\/IMG_4703.jpg 800w\" sizes=\"auto, (max-width: 300px) 100vw, 300px\" \/><\/a>\n\t\t\t<\/dt>\n\t\t\t\t<dd class='wp-caption-text gallery-caption' id='gallery-1-72882'>\n\t\t\t\tPrimary and Middle School\n\t\t\t\t<\/dd><\/dl><dl class='gallery-item'>\n\t\t\t<dt class='gallery-icon landscape'>\n\t\t\t\t<a rel=\"prettyPhoto[pp_gal]\" href='https:\/\/www.alkev.k12.tr\/img\/2025\/09\/23523.png'><img loading=\"lazy\" decoding=\"async\" width=\"300\" height=\"200\" src=\"https:\/\/www.alkev.k12.tr\/img\/2025\/09\/23523-300x200.png\" class=\"attachment-thumbnail size-thumbnail\" alt=\"\" aria-describedby=\"gallery-1-72873\" srcset=\"https:\/\/www.alkev.k12.tr\/img\/2025\/09\/23523-300x200.png 300w, https:\/\/www.alkev.k12.tr\/img\/2025\/09\/23523-338x225.png 338w, https:\/\/www.alkev.k12.tr\/img\/2025\/09\/23523-768x512.png 768w, https:\/\/www.alkev.k12.tr\/img\/2025\/09\/23523.png 800w\" sizes=\"auto, (max-width: 300px) 100vw, 300px\" \/><\/a>\n\t\t\t<\/dt>\n\t\t\t\t<dd class='wp-caption-text gallery-caption' id='gallery-1-72873'>\n\t\t\t\tPrimary and Middle School\n\t\t\t\t<\/dd><\/dl><br style=\"clear: both\" \/><dl class='gallery-item'>\n\t\t\t<dt class='gallery-icon landscape'>\n\t\t\t\t<a rel=\"prettyPhoto[pp_gal]\" href='https:\/\/www.alkev.k12.tr\/img\/2024\/10\/Lise-Bloklar_-6.jpg'><img loading=\"lazy\" decoding=\"async\" width=\"300\" height=\"200\" src=\"https:\/\/www.alkev.k12.tr\/img\/2024\/10\/Lise-Bloklar_-6-300x200.jpg\" class=\"attachment-thumbnail size-thumbnail\" alt=\"\" aria-describedby=\"gallery-1-59962\" srcset=\"https:\/\/www.alkev.k12.tr\/img\/2024\/10\/Lise-Bloklar_-6-300x200.jpg 300w, https:\/\/www.alkev.k12.tr\/img\/2024\/10\/Lise-Bloklar_-6-338x225.jpg 338w, https:\/\/www.alkev.k12.tr\/img\/2024\/10\/Lise-Bloklar_-6-768x512.jpg 768w, https:\/\/www.alkev.k12.tr\/img\/2024\/10\/Lise-Bloklar_-6.jpg 800w\" sizes=\"auto, (max-width: 300px) 100vw, 300px\" \/><\/a>\n\t\t\t<\/dt>\n\t\t\t\t<dd class='wp-caption-text gallery-caption' id='gallery-1-59962'>\n\t\t\t\tHigh School A and B Block\n\t\t\t\t<\/dd><\/dl><dl class='gallery-item'>\n\t\t\t<dt class='gallery-icon landscape'>\n\t\t\t\t<a rel=\"prettyPhoto[pp_gal]\" href='https:\/\/www.alkev.k12.tr\/img\/2024\/10\/Lise-Bloklar_-3.jpg'><img loading=\"lazy\" decoding=\"async\" width=\"300\" height=\"200\" src=\"https:\/\/www.alkev.k12.tr\/img\/2024\/10\/Lise-Bloklar_-3-300x200.jpg\" class=\"attachment-thumbnail size-thumbnail\" alt=\"\" aria-describedby=\"gallery-1-59965\" srcset=\"https:\/\/www.alkev.k12.tr\/img\/2024\/10\/Lise-Bloklar_-3-300x200.jpg 300w, https:\/\/www.alkev.k12.tr\/img\/2024\/10\/Lise-Bloklar_-3-338x225.jpg 338w, https:\/\/www.alkev.k12.tr\/img\/2024\/10\/Lise-Bloklar_-3-768x512.jpg 768w, https:\/\/www.alkev.k12.tr\/img\/2024\/10\/Lise-Bloklar_-3.jpg 800w\" sizes=\"auto, (max-width: 300px) 100vw, 300px\" \/><\/a>\n\t\t\t<\/dt>\n\t\t\t\t<dd class='wp-caption-text gallery-caption' id='gallery-1-59965'>\n\t\t\t\tHigh School C Block\n\t\t\t\t<\/dd><\/dl><dl class='gallery-item'>\n\t\t\t<dt class='gallery-icon landscape'>\n\t\t\t\t<a rel=\"prettyPhoto[pp_gal]\" href='https:\/\/www.alkev.k12.tr\/img\/2024\/10\/Lise-Yesil-Alan_-2-kopyasi.jpg'><img loading=\"lazy\" decoding=\"async\" width=\"300\" height=\"200\" src=\"https:\/\/www.alkev.k12.tr\/img\/2024\/10\/Lise-Yesil-Alan_-2-kopyasi-300x200.jpg\" class=\"attachment-thumbnail size-thumbnail\" alt=\"\" aria-describedby=\"gallery-1-60088\" srcset=\"https:\/\/www.alkev.k12.tr\/img\/2024\/10\/Lise-Yesil-Alan_-2-kopyasi-300x200.jpg 300w, https:\/\/www.alkev.k12.tr\/img\/2024\/10\/Lise-Yesil-Alan_-2-kopyasi-338x225.jpg 338w, https:\/\/www.alkev.k12.tr\/img\/2024\/10\/Lise-Yesil-Alan_-2-kopyasi-768x512.jpg 768w, https:\/\/www.alkev.k12.tr\/img\/2024\/10\/Lise-Yesil-Alan_-2-kopyasi.jpg 800w\" sizes=\"auto, (max-width: 300px) 100vw, 300px\" \/><\/a>\n\t\t\t<\/dt>\n\t\t\t\t<dd class='wp-caption-text gallery-caption' id='gallery-1-60088'>\n\t\t\t\tHigh School\n\t\t\t\t<\/dd><\/dl><br style=\"clear: both\" \/><dl class='gallery-item'>\n\t\t\t<dt class='gallery-icon landscape'>\n\t\t\t\t<a rel=\"prettyPhoto[pp_gal]\" href='https:\/\/www.alkev.k12.tr\/img\/2025\/09\/IMG_6543.jpg'><img loading=\"lazy\" decoding=\"async\" width=\"300\" height=\"200\" src=\"https:\/\/www.alkev.k12.tr\/img\/2025\/09\/IMG_6543-300x200.jpg\" class=\"attachment-thumbnail size-thumbnail\" alt=\"\" aria-describedby=\"gallery-1-73024\" srcset=\"https:\/\/www.alkev.k12.tr\/img\/2025\/09\/IMG_6543-300x200.jpg 300w, https:\/\/www.alkev.k12.tr\/img\/2025\/09\/IMG_6543-338x225.jpg 338w, https:\/\/www.alkev.k12.tr\/img\/2025\/09\/IMG_6543-768x512.jpg 768w, https:\/\/www.alkev.k12.tr\/img\/2025\/09\/IMG_6543.jpg 800w\" sizes=\"auto, (max-width: 300px) 100vw, 300px\" \/><\/a>\n\t\t\t<\/dt>\n\t\t\t\t<dd class='wp-caption-text gallery-caption' id='gallery-1-73024'>\n\t\t\t\tAdministrative Building\n\t\t\t\t<\/dd><\/dl><dl class='gallery-item'>\n\t\t\t<dt class='gallery-icon landscape'>\n\t\t\t\t<a rel=\"prettyPhoto[pp_gal]\" href='https:\/\/www.alkev.k12.tr\/img\/2025\/09\/IMG_4753.jpg'><img loading=\"lazy\" decoding=\"async\" width=\"300\" height=\"200\" src=\"https:\/\/www.alkev.k12.tr\/img\/2025\/09\/IMG_4753-300x200.jpg\" class=\"attachment-thumbnail size-thumbnail\" alt=\"\" aria-describedby=\"gallery-1-72888\" srcset=\"https:\/\/www.alkev.k12.tr\/img\/2025\/09\/IMG_4753-300x200.jpg 300w, https:\/\/www.alkev.k12.tr\/img\/2025\/09\/IMG_4753-338x225.jpg 338w, https:\/\/www.alkev.k12.tr\/img\/2025\/09\/IMG_4753-768x512.jpg 768w, https:\/\/www.alkev.k12.tr\/img\/2025\/09\/IMG_4753.jpg 800w\" sizes=\"auto, (max-width: 300px) 100vw, 300px\" \/><\/a>\n\t\t\t<\/dt>\n\t\t\t\t<dd class='wp-caption-text gallery-caption' id='gallery-1-72888'>\n\t\t\t\tEvent Area\n\t\t\t\t<\/dd><\/dl>\n\t\t\t<br style='clear: both' \/>\n\t\t<\/div>\n\n","protected":false},"excerpt":{"rendered":"<p>ALKEV private schools is in B\u00fcy\u00fck\u00e7ekmece, on 30 acres of land intertwined with nature, it is qualified to meet all kinds of needs of students. It consists of indoor sports halls, outdoor sports fields, kindergarten, elementary school, middle school and high school education buildings. It was built in accordance with German norms with steel construction [&hellip;]<\/p>\n","protected":false},"author":2,"featured_media":59490,"parent":27325,"menu_order":48,"comment_status":"closed","ping_status":"closed","template":"","meta":{"_acf_changed":false,"footnotes":"","_links_to":"","_links_to_target":""},"class_list":["post-27326","page","type-page","status-publish","has-post-thumbnail","hentry"],"acf":[],"_links":{"self":[{"href":"https:\/\/www.alkev.k12.tr\/en\/wp-json\/wp\/v2\/pages\/27326","targetHints":{"allow":["GET"]}}],"collection":[{"href":"https:\/\/www.alkev.k12.tr\/en\/wp-json\/wp\/v2\/pages"}],"about":[{"href":"https:\/\/www.alkev.k12.tr\/en\/wp-json\/wp\/v2\/types\/page"}],"author":[{"embeddable":true,"href":"https:\/\/www.alkev.k12.tr\/en\/wp-json\/wp\/v2\/users\/2"}],"replies":[{"embeddable":true,"href":"https:\/\/www.alkev.k12.tr\/en\/wp-json\/wp\/v2\/comments?post=27326"}],"version-history":[{"count":0,"href":"https:\/\/www.alkev.k12.tr\/en\/wp-json\/wp\/v2\/pages\/27326\/revisions"}],"up":[{"embeddable":true,"href":"https:\/\/www.alkev.k12.tr\/en\/wp-json\/wp\/v2\/pages\/27325"}],"wp:featuredmedia":[{"embeddable":true,"href":"https:\/\/www.alkev.k12.tr\/en\/wp-json\/wp\/v2\/media\/59490"}],"wp:attachment":[{"href":"https:\/\/www.alkev.k12.tr\/en\/wp-json\/wp\/v2\/media?parent=27326"}],"curies":[{"name":"wp","href":"https:\/\/api.w.org\/{rel}","templated":true}]}}