{"id":27330,"date":"2014-03-12T23:22:21","date_gmt":"2014-03-12T21:22:21","guid":{"rendered":"https:\/\/www.alkev.k12.tr\/life-at-school\/laboratuvarlar\/"},"modified":"2024-10-16T13:13:30","modified_gmt":"2024-10-16T10:13:30","slug":"laboratories","status":"publish","type":"page","link":"https:\/\/www.alkev.k12.tr\/en\/life-at-school\/laboratories\/","title":{"rendered":"Laboratories"},"content":{"rendered":"<p>The importance of learning by performing and experiencing gains more importance in science lessons from primary school to high school. With laboratory studies, it is aimed that students learn the basic principles of science lessons with pleasure, deal with formulas, and support their scientific literacy with scientific studies.<\/p>\n<p><img loading=\"lazy\" decoding=\"async\" class=\" wp-image-11777 alignleft\" src=\"https:\/\/www.alkev.k12.tr\/img\/2014\/03\/Lab2016_3-kopya.png\" alt=\"\" width=\"314\" height=\"173\" srcset=\"https:\/\/www.alkev.k12.tr\/img\/2014\/03\/Lab2016_3-kopya.png 800w, https:\/\/www.alkev.k12.tr\/img\/2014\/03\/Lab2016_3-kopya-220x122.png 220w, https:\/\/www.alkev.k12.tr\/img\/2014\/03\/Lab2016_3-kopya-768x424.png 768w\" sizes=\"auto, (max-width: 314px) 100vw, 314px\" \/><\/p>\n<p>Our school has a <strong>science laboratory<\/strong> used by primary and middle schools. This laboratory was built in 2002-2003 academic year by our Founding Trustee and Former Foundation President Dr. M. Cengiz SEZEN.<\/p>\n<p><strong>The physics, chemistry and biology laboratory,<\/strong> which was opened in the 2013-2014 academic year, was built by one of the Founding Trustees of our foundation, N\u00fckhet DEM\u0130REN and her family, in memory of our founding Trustee Selim DEM\u0130REN. In the 2020-2021 academic year, three new physics, chemistry and biology laboratories, which are equipped with the latest technology, have been added to these laboratories, where our students have the chance to conduct their scientific studies. Physics and chemistry laboratory was built by our Founding Trustee and Former Foundation President Dr. M. Cengiz Sezen.<\/p>\n<p>At ALKEV Private Schools, all our students from primary school to high school can conduct individual experiments and group experiments, carry out scientific project studies and develop themselves effectively in our laborites.<\/p>\n<p>All of our students use <strong>iMac and PC Laboratories<\/strong> not only for computer courses, but also in other fields under the guidance of our qualified teachers.<\/p>\n\n\t\t<style type=\"text\/css\">\n\t\t\t#gallery-1 {\n\t\t\t\tmargin: auto;\n\t\t\t}\n\t\t\t#gallery-1 .gallery-item {\n\t\t\t\tfloat: left;\n\t\t\t\tmargin-top: 10px;\n\t\t\t\ttext-align: center;\n\t\t\t\twidth: 33%;\n\t\t\t}\n\t\t\t#gallery-1 img {\n\t\t\t\tborder: 2px solid #cfcfcf;\n\t\t\t}\n\t\t\t#gallery-1 .gallery-caption {\n\t\t\t\tmargin-left: 0;\n\t\t\t}\n\t\t\t\/* see gallery_shortcode() in wp-includes\/media.php *\/\n\t\t<\/style>\n\t\t<div id='gallery-1' class='gallery galleryid-27330 gallery-columns-3 gallery-size-thumbnail'><dl class='gallery-item'>\n\t\t\t<dt class='gallery-icon landscape'>\n\t\t\t\t<a rel=\"prettyPhoto[pp_gal]\" href='https:\/\/www.alkev.k12.tr\/img\/2021\/09\/IMG_0549-kopyasi.jpg'><img loading=\"lazy\" decoding=\"async\" width=\"300\" height=\"200\" src=\"https:\/\/www.alkev.k12.tr\/img\/2021\/09\/IMG_0549-kopyasi-300x200.jpg\" class=\"attachment-thumbnail size-thumbnail\" alt=\"\" aria-describedby=\"gallery-1-32365\" srcset=\"https:\/\/www.alkev.k12.tr\/img\/2021\/09\/IMG_0549-kopyasi-300x200.jpg 300w, https:\/\/www.alkev.k12.tr\/img\/2021\/09\/IMG_0549-kopyasi-338x225.jpg 338w, https:\/\/www.alkev.k12.tr\/img\/2021\/09\/IMG_0549-kopyasi-768x512.jpg 768w, https:\/\/www.alkev.k12.tr\/img\/2021\/09\/IMG_0549-kopyasi.jpg 800w\" sizes=\"auto, (max-width: 300px) 100vw, 300px\" \/><\/a>\n\t\t\t<\/dt>\n\t\t\t\t<dd class='wp-caption-text gallery-caption' id='gallery-1-32365'>\n\t\t\t\tChemistry Laboratory\n\t\t\t\t<\/dd><\/dl><dl class='gallery-item'>\n\t\t\t<dt class='gallery-icon landscape'>\n\t\t\t\t<a rel=\"prettyPhoto[pp_gal]\" href='https:\/\/www.alkev.k12.tr\/img\/2021\/09\/IMG_5025-kopyasi.jpg'><img loading=\"lazy\" decoding=\"async\" width=\"300\" height=\"200\" src=\"https:\/\/www.alkev.k12.tr\/img\/2021\/09\/IMG_5025-kopyasi-300x200.jpg\" class=\"attachment-thumbnail size-thumbnail\" alt=\"\" aria-describedby=\"gallery-1-32368\" \/><\/a>\n\t\t\t<\/dt>\n\t\t\t\t<dd class='wp-caption-text gallery-caption' id='gallery-1-32368'>\n\t\t\t\tPhysics Laboratory\n\t\t\t\t<\/dd><\/dl><dl class='gallery-item'>\n\t\t\t<dt class='gallery-icon landscape'>\n\t\t\t\t<a rel=\"prettyPhoto[pp_gal]\" href='https:\/\/www.alkev.k12.tr\/img\/2021\/09\/IMG_5027-kopyasi.jpg'><img loading=\"lazy\" decoding=\"async\" width=\"300\" height=\"200\" src=\"https:\/\/www.alkev.k12.tr\/img\/2021\/09\/IMG_5027-kopyasi-300x200.jpg\" class=\"attachment-thumbnail size-thumbnail\" alt=\"\" aria-describedby=\"gallery-1-32371\" \/><\/a>\n\t\t\t<\/dt>\n\t\t\t\t<dd class='wp-caption-text gallery-caption' id='gallery-1-32371'>\n\t\t\t\tBiology Laboratory\n\t\t\t\t<\/dd><\/dl><br style=\"clear: both\" \/><dl class='gallery-item'>\n\t\t\t<dt class='gallery-icon landscape'>\n\t\t\t\t<a rel=\"prettyPhoto[pp_gal]\" href='https:\/\/www.alkev.k12.tr\/img\/2024\/10\/Cok-Amacli-Derslik_-4.jpg'><img loading=\"lazy\" decoding=\"async\" width=\"300\" height=\"200\" src=\"https:\/\/www.alkev.k12.tr\/img\/2024\/10\/Cok-Amacli-Derslik_-4-300x200.jpg\" class=\"attachment-thumbnail size-thumbnail\" alt=\"\" aria-describedby=\"gallery-1-59995\" srcset=\"https:\/\/www.alkev.k12.tr\/img\/2024\/10\/Cok-Amacli-Derslik_-4-300x200.jpg 300w, https:\/\/www.alkev.k12.tr\/img\/2024\/10\/Cok-Amacli-Derslik_-4-338x225.jpg 338w, https:\/\/www.alkev.k12.tr\/img\/2024\/10\/Cok-Amacli-Derslik_-4-768x512.jpg 768w, https:\/\/www.alkev.k12.tr\/img\/2024\/10\/Cok-Amacli-Derslik_-4.jpg 800w\" sizes=\"auto, (max-width: 300px) 100vw, 300px\" \/><\/a>\n\t\t\t<\/dt>\n\t\t\t\t<dd class='wp-caption-text gallery-caption' id='gallery-1-59995'>\n\t\t\t\tPrimary School Multipurpose Classroom\n\t\t\t\t<\/dd><\/dl><dl class='gallery-item'>\n\t\t\t<dt class='gallery-icon landscape'>\n\t\t\t\t<a rel=\"prettyPhoto[pp_gal]\" href='https:\/\/www.alkev.k12.tr\/img\/2024\/10\/I-MAC-Lab_-8.jpg'><img loading=\"lazy\" decoding=\"async\" width=\"300\" height=\"200\" src=\"https:\/\/www.alkev.k12.tr\/img\/2024\/10\/I-MAC-Lab_-8-300x200.jpg\" class=\"attachment-thumbnail size-thumbnail\" alt=\"\" aria-describedby=\"gallery-1-59971\" srcset=\"https:\/\/www.alkev.k12.tr\/img\/2024\/10\/I-MAC-Lab_-8-300x200.jpg 300w, https:\/\/www.alkev.k12.tr\/img\/2024\/10\/I-MAC-Lab_-8-338x225.jpg 338w, https:\/\/www.alkev.k12.tr\/img\/2024\/10\/I-MAC-Lab_-8-768x512.jpg 768w, https:\/\/www.alkev.k12.tr\/img\/2024\/10\/I-MAC-Lab_-8.jpg 800w\" sizes=\"auto, (max-width: 300px) 100vw, 300px\" \/><\/a>\n\t\t\t<\/dt>\n\t\t\t\t<dd class='wp-caption-text gallery-caption' id='gallery-1-59971'>\n\t\t\t\tPrimary School iMac Laboratory\n\t\t\t\t<\/dd><\/dl><dl class='gallery-item'>\n\t\t\t<dt class='gallery-icon landscape'>\n\t\t\t\t<a rel=\"prettyPhoto[pp_gal]\" href='https:\/\/www.alkev.k12.tr\/img\/2023\/09\/IMG_2891-kopyasi-1.jpg'><img loading=\"lazy\" decoding=\"async\" width=\"300\" height=\"200\" src=\"https:\/\/www.alkev.k12.tr\/img\/2023\/09\/IMG_2891-kopyasi-1-300x200.jpg\" class=\"attachment-thumbnail size-thumbnail\" alt=\"\" aria-describedby=\"gallery-1-48141\" srcset=\"https:\/\/www.alkev.k12.tr\/img\/2023\/09\/IMG_2891-kopyasi-1-300x200.jpg 300w, https:\/\/www.alkev.k12.tr\/img\/2023\/09\/IMG_2891-kopyasi-1-338x225.jpg 338w, https:\/\/www.alkev.k12.tr\/img\/2023\/09\/IMG_2891-kopyasi-1-768x512.jpg 768w, https:\/\/www.alkev.k12.tr\/img\/2023\/09\/IMG_2891-kopyasi-1.jpg 800w\" sizes=\"auto, (max-width: 300px) 100vw, 300px\" \/><\/a>\n\t\t\t<\/dt>\n\t\t\t\t<dd class='wp-caption-text gallery-caption' id='gallery-1-48141'>\n\t\t\t\tMiddle School iMac Laboratory\n\t\t\t\t<\/dd><\/dl><br style=\"clear: both\" \/><dl class='gallery-item'>\n\t\t\t<dt class='gallery-icon landscape'>\n\t\t\t\t<a rel=\"prettyPhoto[pp_gal]\" href='https:\/\/www.alkev.k12.tr\/img\/2021\/09\/IMG_5036-kopyasi.jpg'><img loading=\"lazy\" decoding=\"async\" width=\"300\" height=\"200\" src=\"https:\/\/www.alkev.k12.tr\/img\/2021\/09\/IMG_5036-kopyasi-300x200.jpg\" class=\"attachment-thumbnail size-thumbnail\" alt=\"\" aria-describedby=\"gallery-1-32374\" \/><\/a>\n\t\t\t<\/dt>\n\t\t\t\t<dd class='wp-caption-text gallery-caption' id='gallery-1-32374'>\n\t\t\t\tHigh School PC Laboratory\n\t\t\t\t<\/dd><\/dl>\n\t\t\t<br style='clear: both' \/>\n\t\t<\/div>\n\n","protected":false},"excerpt":{"rendered":"<p>The importance of learning by performing and experiencing gains more importance in science lessons from primary school to high school. With laboratory studies, it is aimed that students learn the basic principles of science lessons with pleasure, deal with formulas, and support their scientific literacy with scientific studies. Our school has a science laboratory used [&hellip;]<\/p>\n","protected":false},"author":2,"featured_media":32368,"parent":27325,"menu_order":46,"comment_status":"closed","ping_status":"closed","template":"","meta":{"_acf_changed":false,"footnotes":"","_links_to":"","_links_to_target":""},"class_list":["post-27330","page","type-page","status-publish","has-post-thumbnail","hentry"],"acf":[],"_links":{"self":[{"href":"https:\/\/www.alkev.k12.tr\/en\/wp-json\/wp\/v2\/pages\/27330","targetHints":{"allow":["GET"]}}],"collection":[{"href":"https:\/\/www.alkev.k12.tr\/en\/wp-json\/wp\/v2\/pages"}],"about":[{"href":"https:\/\/www.alkev.k12.tr\/en\/wp-json\/wp\/v2\/types\/page"}],"author":[{"embeddable":true,"href":"https:\/\/www.alkev.k12.tr\/en\/wp-json\/wp\/v2\/users\/2"}],"replies":[{"embeddable":true,"href":"https:\/\/www.alkev.k12.tr\/en\/wp-json\/wp\/v2\/comments?post=27330"}],"version-history":[{"count":0,"href":"https:\/\/www.alkev.k12.tr\/en\/wp-json\/wp\/v2\/pages\/27330\/revisions"}],"up":[{"embeddable":true,"href":"https:\/\/www.alkev.k12.tr\/en\/wp-json\/wp\/v2\/pages\/27325"}],"wp:featuredmedia":[{"embeddable":true,"href":"https:\/\/www.alkev.k12.tr\/en\/wp-json\/wp\/v2\/media\/32368"}],"wp:attachment":[{"href":"https:\/\/www.alkev.k12.tr\/en\/wp-json\/wp\/v2\/media?parent=27330"}],"curies":[{"name":"wp","href":"https:\/\/api.w.org\/{rel}","templated":true}]}}